{"id":1641,"date":"2020-07-13T16:22:05","date_gmt":"2020-07-13T16:22:05","guid":{"rendered":"https:\/\/www.dinamitapost.com\/wp\/servicios-copy\/"},"modified":"2023-03-13T05:17:56","modified_gmt":"2023-03-13T05:17:56","slug":"post-produccion","status":"publish","type":"page","link":"https:\/\/www.dinamitapost.com\/en\/post-produccion\/","title":{"rendered":"Post Production"},"content":{"rendered":"<!--themify_builder_content-->\n<div id=\"themify_builder_content-1641\" data-postid=\"1641\" class=\"themify_builder_content themify_builder_content-1641 themify_builder tf_clear\">\n                    <div  data-zoom-bg=\"desktop\" data-lazy=\"1\" class=\"module_row themify_builder_row tb_ug28210 tb_first tf_w\">\n            <span  class=\"builder_row_cover tf_abs\" data-lazy=\"1\"><\/span>            <div class=\"row_inner col_align_top tb_col_count_1 tf_box tf_rel\">\n                        <div  data-lazy=\"1\" class=\"module_column tb-column col-full tb_mwtb212 first\">\n                    <!-- module image -->\n<div  class=\"module module-image tb_bw9q213 image-top   tf_mw\" data-lazy=\"1\">\n        <div class=\"image-wrap tf_rel tf_mw\">\n            <a href=\"\/en\/wp\/home\/\">\n                   <img loading=\"lazy\" decoding=\"async\" src=\"https:\/\/www.dinamitapost.com\/wp\/wp-content\/uploads\/2020\/06\/DINAMITA-POST-casa-de-post-produccion-mexico-LOGO-blanco-175x144.png\" width=\"175\" height=\"144\" class=\"wp-post-image wp-image-56\" title=\"DINAMITA-POST-postproduction-house-in-mexico-white-LOGO\" alt=\"DINAMITA-POST-casa-de-post-produccion-mexico-LOGO-blanco\" srcset=\"https:\/\/www.dinamitapost.com\/wp\/wp-content\/uploads\/2020\/06\/DINAMITA-POST-casa-de-post-produccion-mexico-LOGO-blanco-175x144.png 175w, https:\/\/www.dinamitapost.com\/wp\/wp-content\/uploads\/2020\/06\/DINAMITA-POST-casa-de-post-produccion-mexico-LOGO-blanco-300x248.png 300w, https:\/\/www.dinamitapost.com\/wp\/wp-content\/uploads\/2020\/06\/DINAMITA-POST-casa-de-post-produccion-mexico-LOGO-blanco.png 707w\" sizes=\"auto, (max-width: 175px) 100vw, 175px\" \/>        <\/a>\n    \n        <\/div>\n    <!-- \/image-wrap -->\n    \n        <\/div>\n<!-- \/module image --><!-- module text -->\n<div  class=\"module module-text tb_4o2y525\" data-lazy=\"1\">\n        <div  class=\"tb_text_wrap\">\n        <h1 style=\"margin-bottom: 0;\">POST PRODUCTION<\/h1>    <\/div>\n<\/div>\n<!-- \/module text -->        <\/div>\n                        <\/div>\n        <\/div>\n                        <div  data-lazy=\"1\" class=\"module_row themify_builder_row tb_9mbu384 tf_w\">\n                        <div class=\"row_inner col_align_top tb_col_count_1 tf_box tf_rel\">\n                        <div  data-lazy=\"1\" class=\"module_column tb-column col-full tb_3hsh386 first\">\n                            <div  data-lazy=\"1\" class=\"module_subrow themify_builder_sub_row tf_w col_align_top tb_col_count_2 tb_vkxs386\">\n                <div  data-lazy=\"1\" class=\"module_column sub_column col4-2 tb_fdhe387 first\">\n                    <!-- module text -->\n<div  class=\"module module-text tb_epao994\" data-lazy=\"1\">\n        <div  class=\"tb_text_wrap\">\n        <h3 style=\"text-align: center;\">The house specialty<\/h3>\n<p>Dinamita post-producers have over 20 years of experience in the industry. They know very well the technical, technological and creative process to take a project from conception to final delivery, <strong>Their projects are potential award-winners and are delivered in a timely manner.<\/strong><\/p>\n<p>We make use of advanced technology such as Frame.io and PIX, which help making the revision processes of almost every post-production process more efficient. These platforms are very effective for centralizing clients' comments and approvals.<\/p>\n<h3><img loading=\"lazy\" decoding=\"async\" class=\"wp-image-1572  aligncenter\" src=\"https:\/\/www.dinamitapost.com\/wp\/wp-content\/uploads\/2020\/07\/dinamita-post-time-lapse-photo-of-railway-2622848-scaled-1-300x169.jpg\" alt=\"\" width=\"470\" height=\"265\" srcset=\"https:\/\/www.dinamitapost.com\/wp\/wp-content\/uploads\/2020\/07\/dinamita-post-time-lapse-photo-of-railway-2622848-scaled-1-300x169.jpg 300w, https:\/\/www.dinamitapost.com\/wp\/wp-content\/uploads\/2020\/07\/dinamita-post-time-lapse-photo-of-railway-2622848-scaled-1-1024x575.jpg 1024w, https:\/\/www.dinamitapost.com\/wp\/wp-content\/uploads\/2020\/07\/dinamita-post-time-lapse-photo-of-railway-2622848-scaled-1-768x431.jpg 768w, https:\/\/www.dinamitapost.com\/wp\/wp-content\/uploads\/2020\/07\/dinamita-post-time-lapse-photo-of-railway-2622848-scaled-1-1536x863.jpg 1536w, https:\/\/www.dinamitapost.com\/wp\/wp-content\/uploads\/2020\/07\/dinamita-post-time-lapse-photo-of-railway-2622848-scaled-1-2048x1150.jpg 2048w\" sizes=\"auto, (max-width: 470px) 100vw, 470px\" \/><\/h3>    <\/div>\n<\/div>\n<!-- \/module text --><!-- module buttons -->\n<div  class=\"module module-buttons tb_kzlt746 buttons-horizontal outline  hide-mobile large rounded\" data-lazy=\"1\">\n        <div class=\"module-buttons-item tf_in_flx\">\n                        <a href=\"\/en\/wp\/servicios\/\" class=\"ui builder_button tf_in_flx gray\" >\n                                    <em><svg  class=\"tf_fa tf-ti-back-left\" aria-hidden=\"true\"><use href=\"#tf-ti-back-left\"><\/use><\/svg><\/em>                                        Go back to SERVICES                                        <\/a>\n                <\/div>\n            <\/div>\n<!-- \/module buttons -->\n        <\/div>\n                    <div  data-lazy=\"1\" class=\"module_column sub_column col4-2 tb_f71y389 last\">\n                    <!-- module buttons -->\n<div  class=\"module module-buttons tb_km63391 buttons-horizontal outline  xlarge rounded\" data-lazy=\"1\">\n        <div class=\"module-buttons-item tf_in_flx\">\n                        <a href=\"\/en\/wp\/contacto\/\" class=\"ui builder_button tf_in_flx black\" >\n                                                MORE INFORMATION                                        <\/a>\n                <\/div>\n            <\/div>\n<!-- \/module buttons -->\n<!-- module buttons -->\n<div  class=\"module module-buttons tb_354t213 buttons-horizontal outline  hide-desktop hide-tablet hide-tablet_landscape large rounded\" data-lazy=\"1\">\n        <div class=\"module-buttons-item tf_in_flx\">\n                        <a href=\"\/en\/wp\/servicios\/\" class=\"ui builder_button tf_in_flx gray\" >\n                                    <em><svg  class=\"tf_fa tf-ti-back-left\" aria-hidden=\"true\"><use href=\"#tf-ti-back-left\"><\/use><\/svg><\/em>                                        Go back to SERVICES                                        <\/a>\n                <\/div>\n            <\/div>\n<!-- \/module buttons -->\n        <\/div>\n                    <\/div>\n                <\/div>\n                        <\/div>\n        <\/div>\n        <\/div>\n<!--\/themify_builder_content-->","protected":false},"excerpt":{"rendered":"<p>POST PRODUCTION<\/p>","protected":false},"author":1,"featured_media":0,"parent":0,"menu_order":0,"comment_status":"closed","ping_status":"closed","template":"","meta":{"footnotes":""},"class_list":["post-1641","page","type-page","status-publish","hentry","has-post-title","has-post-date","has-post-category","has-post-tag","has-post-comment","has-post-author",""],"builder_content":"<a href=\"\/wp\/home\"> <img src=\"https:\/\/www.dinamitapost.com\/wp\/wp-content\/uploads\/2020\/06\/DINAMITA-POST-casa-de-post-produccion-mexico-LOGO-blanco-175x144.png\" width=\"175\" height=\"144\" title=\"DINAMITA-POST-casa-de-post-produccion-mexico-LOGO-blanco\" alt=\"DINAMITA-POST-casa-de-post-produccion-mexico-LOGO-blanco\" srcset=\"https:\/\/www.dinamitapost.com\/wp\/wp-content\/uploads\/2020\/06\/DINAMITA-POST-casa-de-post-produccion-mexico-LOGO-blanco-175x144.png 175w, https:\/\/www.dinamitapost.com\/wp\/wp-content\/uploads\/2020\/06\/DINAMITA-POST-casa-de-post-produccion-mexico-LOGO-blanco-300x248.png 300w, https:\/\/www.dinamitapost.com\/wp\/wp-content\/uploads\/2020\/06\/DINAMITA-POST-casa-de-post-produccion-mexico-LOGO-blanco.png 707w\" sizes=\"(max-width: 175px) 100vw, 175px\" \/> <\/a>\n<h1 style=\"margin-bottom: 0;\">POSTPRODUCCI\u00d3N<\/h1>\n<h3 style=\"text-align: center;\">La Especialidad de la Casa<\/h3> <p>En DINAMITA contamos con postproductores con m\u00e1s de 20 a\u00f1os de experiencia en el medio, que entienden el proceso t\u00e9cnico, tecnol\u00f3gico y creativo a la perfecci\u00f3n para llevar el proyecto desde la concepci\u00f3n hasta la entrega final, <strong>con la capacidad de ganar premios, y sobretodo entregando en tiempo y forma.<\/strong><\/p> <p>Utilizamos herramientas de avanzada, tales como Frame.io y PIX que nos ayudan a hacer m\u00e1s eficientes los procesos de revisi\u00f3n de casi todos los procesos de PostProducci\u00f3n. Estas plataformas son muy efectivas para centralizar los comentarios y las aprobaciones de los distintos clientes.<\/p> <h3><img loading=\"lazy\" decoding=\"async\" src=\"https:\/\/www.dinamitapost.com\/wp\/wp-content\/uploads\/2020\/07\/dinamita-post-time-lapse-photo-of-railway-2622848-scaled-1-300x169.jpg\" alt=\"\" width=\"470\" height=\"265\" srcset=\"https:\/\/www.dinamitapost.com\/wp\/wp-content\/uploads\/2020\/07\/dinamita-post-time-lapse-photo-of-railway-2622848-scaled-1-300x169.jpg 300w, https:\/\/www.dinamitapost.com\/wp\/wp-content\/uploads\/2020\/07\/dinamita-post-time-lapse-photo-of-railway-2622848-scaled-1-1024x575.jpg 1024w, https:\/\/www.dinamitapost.com\/wp\/wp-content\/uploads\/2020\/07\/dinamita-post-time-lapse-photo-of-railway-2622848-scaled-1-768x431.jpg 768w, https:\/\/www.dinamitapost.com\/wp\/wp-content\/uploads\/2020\/07\/dinamita-post-time-lapse-photo-of-railway-2622848-scaled-1-1536x863.jpg 1536w, https:\/\/www.dinamitapost.com\/wp\/wp-content\/uploads\/2020\/07\/dinamita-post-time-lapse-photo-of-railway-2622848-scaled-1-2048x1150.jpg 2048w\" sizes=\"auto, (max-width: 470px) 100vw, 470px\" \/><\/h3>\n<a href=\"\/wp\/servicios\" > <em><svg aria-hidden=\"true\"><use href=\"#tf-ti-back-left\"><\/use><\/svg><\/em> Regresar a SERVICIOS <\/a>\n<a href=\"\/wp\/contacto\" > MAYORES INFORMES <\/a>\n<a href=\"\/wp\/servicios\" > <em><svg aria-hidden=\"true\"><use href=\"#tf-ti-back-left\"><\/use><\/svg><\/em> Regresar a SERVICIOS <\/a>","_links":{"self":[{"href":"https:\/\/www.dinamitapost.com\/en\/wp-json\/wp\/v2\/pages\/1641","targetHints":{"allow":["GET"]}}],"collection":[{"href":"https:\/\/www.dinamitapost.com\/en\/wp-json\/wp\/v2\/pages"}],"about":[{"href":"https:\/\/www.dinamitapost.com\/en\/wp-json\/wp\/v2\/types\/page"}],"author":[{"embeddable":true,"href":"https:\/\/www.dinamitapost.com\/en\/wp-json\/wp\/v2\/users\/1"}],"replies":[{"embeddable":true,"href":"https:\/\/www.dinamitapost.com\/en\/wp-json\/wp\/v2\/comments?post=1641"}],"version-history":[{"count":10,"href":"https:\/\/www.dinamitapost.com\/en\/wp-json\/wp\/v2\/pages\/1641\/revisions"}],"predecessor-version":[{"id":3023,"href":"https:\/\/www.dinamitapost.com\/en\/wp-json\/wp\/v2\/pages\/1641\/revisions\/3023"}],"wp:attachment":[{"href":"https:\/\/www.dinamitapost.com\/en\/wp-json\/wp\/v2\/media?parent=1641"}],"curies":[{"name":"wp","href":"https:\/\/api.w.org\/{rel}","templated":true}]}}