{"id":1645,"date":"2020-07-13T16:22:57","date_gmt":"2020-07-13T16:22:57","guid":{"rendered":"https:\/\/www.dinamitapost.com\/wp\/post-produccion-copy\/"},"modified":"2023-03-13T04:46:28","modified_gmt":"2023-03-13T04:46:28","slug":"vfx","status":"publish","type":"page","link":"https:\/\/www.dinamitapost.com\/en\/vfx\/","title":{"rendered":"VFX"},"content":{"rendered":"<!--themify_builder_content-->\n<div id=\"themify_builder_content-1645\" data-postid=\"1645\" class=\"themify_builder_content themify_builder_content-1645 themify_builder tf_clear\">\n                    <div  data-zoom-bg=\"desktop\" data-lazy=\"1\" class=\"module_row themify_builder_row tb_pptr758 tb_first tf_w\">\n            <span  class=\"builder_row_cover tf_abs\" data-lazy=\"1\"><\/span>            <div class=\"row_inner col_align_top tb_col_count_1 tf_box tf_rel\">\n                        <div  data-lazy=\"1\" class=\"module_column tb-column col-full tb_xmte759 first\">\n                    <!-- module image -->\n<div  class=\"module module-image tb_tjvz760 image-top   tf_mw\" data-lazy=\"1\">\n        <div class=\"image-wrap tf_rel tf_mw\">\n            <a href=\"\/en\/wp\/home\/\">\n                   <img loading=\"lazy\" decoding=\"async\" src=\"https:\/\/www.dinamitapost.com\/wp\/wp-content\/uploads\/2020\/06\/DINAMITA-POST-casa-de-post-produccion-mexico-LOGO-blanco-175x144.png\" width=\"175\" height=\"144\" class=\"wp-post-image wp-image-56\" title=\"DINAMITA-POST-postproduction-house-in-mexico-white-LOGO\" alt=\"DINAMITA-POST-casa-de-post-produccion-mexico-LOGO-blanco\" srcset=\"https:\/\/www.dinamitapost.com\/wp\/wp-content\/uploads\/2020\/06\/DINAMITA-POST-casa-de-post-produccion-mexico-LOGO-blanco-175x144.png 175w, https:\/\/www.dinamitapost.com\/wp\/wp-content\/uploads\/2020\/06\/DINAMITA-POST-casa-de-post-produccion-mexico-LOGO-blanco-300x248.png 300w, https:\/\/www.dinamitapost.com\/wp\/wp-content\/uploads\/2020\/06\/DINAMITA-POST-casa-de-post-produccion-mexico-LOGO-blanco.png 707w\" sizes=\"auto, (max-width: 175px) 100vw, 175px\" \/>        <\/a>\n    \n        <\/div>\n    <!-- \/image-wrap -->\n    \n        <\/div>\n<!-- \/module image --><!-- module text -->\n<div  class=\"module module-text tb_fw1c614\" data-lazy=\"1\">\n        <div  class=\"tb_text_wrap\">\n        <h1 style=\"margin-bottom: 0;\">VFX \/ Visual Effects<\/h1>    <\/div>\n<\/div>\n<!-- \/module text -->        <\/div>\n                        <\/div>\n        <\/div>\n                        <div  data-lazy=\"1\" class=\"module_row themify_builder_row tb_byom160 tf_w\">\n                        <div class=\"row_inner col_align_top tb_col_count_1 tf_box tf_rel\">\n                        <div  data-lazy=\"1\" class=\"module_column tb-column col-full tb_71sz162 first\">\n                            <div  data-lazy=\"1\" class=\"module_subrow themify_builder_sub_row tf_w col_align_top tb_col_count_2 tb_q3xl163\">\n                <div  data-lazy=\"1\" class=\"module_column sub_column col4-2 tb_nt4o163 first\">\n                    <!-- module text -->\n<div  class=\"module module-text tb_s03x182\" data-lazy=\"1\">\n        <div  class=\"tb_text_wrap\">\n        <h3 style=\"text-align: center;\">VFX robustos: <br \/>nuestro modelo de c\u00e9lulas de trabajo nos permite llevar tus efectos visuales al siguiente nivel.<\/h3>\n<p style=\"text-align: left;\">Thanks to our work in series like <strong>CLUB DE CUERVOS<\/strong> and <strong>EL VATO<\/strong> (Netflix\u00ae) we have gained the required experience to ensure that <strong>projects will exceed expectations,<\/strong> since we are trained to assess the lens, framing, light and all the elements to achieve naturally flowing compositions and provide optimal final results.<\/p>    <\/div>\n<\/div>\n<!-- \/module text --><!-- module divider -->\n<div  class=\"module tf_mw module-divider tb_lab7546 dotted\" style=\"border-width: 1px;border-color: #000000;\" data-lazy=\"1\">\n    <\/div>\n<!-- \/module divider -->\n<!-- module video -->\n<div  class=\"module module-video tb_99xp297 video-top\" data-lazy=\"1\">\n            <h3 class=\"module-title\">DEMO VFX DINAMITA POST<\/h3>        <div class=\"video-wrap-outer\">\n            <div class=\"video-wrap tf_rel tf_overflow\">\n                                    <noscript><iframe data-no-script src=\"https:\/\/player.vimeo.com\/video\/251731694?h=1bb1767ceb&#038;pip=1&#038;playsinline=1&#038;portrait=0&#038;title=0&#038;byline=0\" allow=\"fullscreen\" class=\"tf_abs tf_w tf_h\"><\/iframe><\/noscript>\n                                <\/div>\n            <!-- \/video-wrap -->\n        <\/div>\n        <!-- \/video-wrap-outer -->\n            <\/div>\n<!-- module divider -->\n<div  class=\"module tf_mw module-divider tb_67kx882 dotted\" style=\"border-width: 1px;border-color: #000000;\" data-lazy=\"1\">\n    <\/div>\n<!-- \/module divider -->\n<!-- module text -->\n<div  class=\"module module-text tb_077k741\" data-lazy=\"1\">\n        <div  class=\"tb_text_wrap\">\n        <p>Adem\u00e1s de una infraestructura s\u00f3lida, nuestros artistas visuales tienen una visi\u00f3n fresca sobre las tendencias y estilos gr\u00e1ficos; de igual forma nuestros animadores tienen una sensibilidad especial que les permite lograr animaciones 2D y 3D con cadencia natural y acabados de primera calidad.<\/p>\n<p>We strongly believe that the best composition is one which goes unnoticed; be it by adding a crowd to an empty stadium, \"showing up\" at an airport in a desert or causing a massive explosion. The final result we offer and the budget we provide pleasantly surprises our clients.<\/p>\n<p>Nuestras soluciones son art\u00edsticas, s\u00ed, pero adem\u00e1s sobresalimos gracias a<\/p>\n<ul>\n<li style=\"list-style-type: none;\">\n<ul>\n<li aria-level=\"4\">Nuestra agilidad y dinamismo<\/li>\n<li aria-level=\"4\">Que no solo hacemos compuestos, sino que cada proyecto lo hacemos bien administrado, eficiente y bien coordinado.<\/li>\n<li aria-level=\"4\">Flujo de trabajo profesionalizado.<\/li>\n<li aria-level=\"4\">Velocidad de carga y descarga muy por encima de la media de la industria en M\u00e9xico.<\/li>\n<\/ul>\n<\/li>\n<\/ul>    <\/div>\n<\/div>\n<!-- \/module text --><!-- module buttons -->\n<div  class=\"module module-buttons tb_xtx1315 buttons-horizontal outline  hide-mobile large rounded\" data-lazy=\"1\">\n        <div class=\"module-buttons-item tf_in_flx\">\n                        <a href=\"\/en\/wp\/servicios\/\" class=\"ui builder_button tf_in_flx gray\" >\n                                    <em><svg  class=\"tf_fa tf-ti-back-left\" aria-hidden=\"true\"><use href=\"#tf-ti-back-left\"><\/use><\/svg><\/em>                                        Go back to SERVICES                                        <\/a>\n                <\/div>\n            <\/div>\n<!-- \/module buttons -->\n        <\/div>\n                    <div  data-lazy=\"1\" class=\"module_column sub_column col4-2 tb_putp165 last\">\n                    <!-- module text -->\n<div  class=\"module module-text tb_mfi4160\" data-lazy=\"1\">\n        <div  class=\"tb_text_wrap\">\n        <h4><strong>SOMOS APASIONADOS DE CONSTRUIR MUNDOS IMAGINARIOS, HAGAMOS QUE LA REALIDAD MEJORE.<\/strong><\/h4>    <\/div>\n<\/div>\n<!-- \/module text --><!-- module buttons -->\n<div  class=\"module module-buttons tb_3kg0166 buttons-horizontal outline  xlarge rounded\" data-lazy=\"1\">\n        <div class=\"module-buttons-item tf_in_flx\">\n                        <a href=\"\/en\/wp\/contacto\/\" class=\"ui builder_button tf_in_flx black\" >\n                                                MORE INFORMATION                                        <\/a>\n                <\/div>\n            <\/div>\n<!-- \/module buttons -->\n<!-- module buttons -->\n<div  class=\"module module-buttons tb_bexo545 buttons-horizontal outline  hide-desktop hide-tablet hide-tablet_landscape large rounded\" data-lazy=\"1\">\n        <div class=\"module-buttons-item tf_in_flx\">\n                        <a href=\"\/en\/wp\/servicios\/\" class=\"ui builder_button tf_in_flx gray\" >\n                                    <em><svg  class=\"tf_fa tf-ti-back-left\" aria-hidden=\"true\"><use href=\"#tf-ti-back-left\"><\/use><\/svg><\/em>                                        Go back to SERVICES                                        <\/a>\n                <\/div>\n            <\/div>\n<!-- \/module buttons -->\n        <\/div>\n                    <\/div>\n                <\/div>\n                        <\/div>\n        <\/div>\n        <\/div>\n<!--\/themify_builder_content-->","protected":false},"excerpt":{"rendered":"<p>VFX \/ Visual Effects VFX robustos: nuestro modelo de c\u00e9lulas de trabajo nos permite llevar tus efectos visuales al siguiente nivel. Gracias a nuestro trabajo en series como CLUB DE CUERVOS y EL VATO (Netflix\u00ae) hemos adquirido las tablas y experiencia indispensables para asegurar que los proyectos cumplir\u00e1n sobradamente con las expectativas, ya que nuestros [&hellip;]<\/p>","protected":false},"author":1,"featured_media":0,"parent":0,"menu_order":0,"comment_status":"closed","ping_status":"closed","template":"","meta":{"footnotes":""},"class_list":["post-1645","page","type-page","status-publish","hentry","has-post-title","has-post-date","has-post-category","has-post-tag","has-post-comment","has-post-author",""],"builder_content":"<a href=\"\/wp\/home\"> <img src=\"https:\/\/www.dinamitapost.com\/wp\/wp-content\/uploads\/2020\/06\/DINAMITA-POST-casa-de-post-produccion-mexico-LOGO-blanco-175x144.png\" width=\"175\" height=\"144\" title=\"DINAMITA-POST-casa-de-post-produccion-mexico-LOGO-blanco\" alt=\"DINAMITA-POST-casa-de-post-produccion-mexico-LOGO-blanco\" srcset=\"https:\/\/www.dinamitapost.com\/wp\/wp-content\/uploads\/2020\/06\/DINAMITA-POST-casa-de-post-produccion-mexico-LOGO-blanco-175x144.png 175w, https:\/\/www.dinamitapost.com\/wp\/wp-content\/uploads\/2020\/06\/DINAMITA-POST-casa-de-post-produccion-mexico-LOGO-blanco-300x248.png 300w, https:\/\/www.dinamitapost.com\/wp\/wp-content\/uploads\/2020\/06\/DINAMITA-POST-casa-de-post-produccion-mexico-LOGO-blanco.png 707w\" sizes=\"(max-width: 175px) 100vw, 175px\" \/> <\/a>\n<h1 style=\"margin-bottom: 0;\">VFX \/ Visual Effects<\/h1>\n<h3 style=\"text-align: center;\">VFX robustos: <br \/>nuestro modelo de c\u00e9lulas de trabajo nos permite llevar tus efectos visuales al siguiente nivel.<\/h3> <p style=\"text-align: left;\">Gracias a nuestro trabajo en series como <strong>CLUB DE CUERVOS<\/strong> y <strong>EL VATO<\/strong> (Netflix\u00ae) hemos adquirido las tablas y experiencia indispensables para asegurar que <strong>los proyectos cumplir\u00e1n sobradamente con las expectativas,<\/strong> ya que nuestros ojos est\u00e1n entrenados para evaluar el lente, el encuadre, la luz y todos los elementos para lograr compuestos que fluyan naturalmente y enaltecer el resultado final.<\/p>\n\n[embed]https:\/\/vimeo.com\/251731694\/1bb1767ceb[\/embed]\n\n<p>Adem\u00e1s de una infraestructura s\u00f3lida, nuestros artistas visuales tienen una visi\u00f3n fresca sobre las tendencias y estilos gr\u00e1ficos; de igual forma nuestros animadores tienen una sensibilidad especial que les permite lograr animaciones 2D y 3D con cadencia natural y acabados de primera calidad.<\/p> <p>As\u00ed mismo tenemos claro que el mejor compuesto es el que pasa desapercibido; ya sea agregando una multitud en un estadio vac\u00edo, \"aparecer\" un aeropuerto en un desierto o bien generando una gran explosi\u00f3n, el resultado final que ofrecemos vs el presupuesto asignado siempre sorprende a nuestros clientes.<\/p> <p>Nuestras soluciones son art\u00edsticas, s\u00ed, pero adem\u00e1s sobresalimos gracias a<\/p> <ul> <li style=\"list-style-type: none;\"> <ul> <li aria-level=\"4\">Nuestra agilidad y dinamismo<\/li> <li aria-level=\"4\">Que no solo hacemos compuestos, sino que cada proyecto lo hacemos bien administrado, eficiente y bien coordinado.<\/li> <li aria-level=\"4\">Flujo de trabajo profesionalizado.<\/li> <li aria-level=\"4\">Velocidad de carga y descarga muy por encima de la media de la industria en M\u00e9xico.<\/li> <\/ul> <\/li> <\/ul>\n<a href=\"\/wp\/servicios\" > <em><svg aria-hidden=\"true\"><use href=\"#tf-ti-back-left\"><\/use><\/svg><\/em> Regresar a SERVICIOS <\/a>\n<h4><strong>SOMOS APASIONADOS DE CONSTRUIR MUNDOS IMAGINARIOS, HAGAMOS QUE LA REALIDAD MEJORE.<\/strong><\/h4>\n<a href=\"\/wp\/contacto\" > MAYORES INFORMES <\/a>\n<a href=\"\/wp\/servicios\" > <em><svg aria-hidden=\"true\"><use href=\"#tf-ti-back-left\"><\/use><\/svg><\/em> Regresar a SERVICIOS <\/a>","_links":{"self":[{"href":"https:\/\/www.dinamitapost.com\/en\/wp-json\/wp\/v2\/pages\/1645","targetHints":{"allow":["GET"]}}],"collection":[{"href":"https:\/\/www.dinamitapost.com\/en\/wp-json\/wp\/v2\/pages"}],"about":[{"href":"https:\/\/www.dinamitapost.com\/en\/wp-json\/wp\/v2\/types\/page"}],"author":[{"embeddable":true,"href":"https:\/\/www.dinamitapost.com\/en\/wp-json\/wp\/v2\/users\/1"}],"replies":[{"embeddable":true,"href":"https:\/\/www.dinamitapost.com\/en\/wp-json\/wp\/v2\/comments?post=1645"}],"version-history":[{"count":10,"href":"https:\/\/www.dinamitapost.com\/en\/wp-json\/wp\/v2\/pages\/1645\/revisions"}],"predecessor-version":[{"id":2999,"href":"https:\/\/www.dinamitapost.com\/en\/wp-json\/wp\/v2\/pages\/1645\/revisions\/2999"}],"wp:attachment":[{"href":"https:\/\/www.dinamitapost.com\/en\/wp-json\/wp\/v2\/media?parent=1645"}],"curies":[{"name":"wp","href":"https:\/\/api.w.org\/{rel}","templated":true}]}}