{"id":1649,"date":"2020-07-13T16:28:01","date_gmt":"2020-07-13T16:28:01","guid":{"rendered":"https:\/\/www.dinamitapost.com\/wp\/vfx-copy\/"},"modified":"2025-01-29T18:52:06","modified_gmt":"2025-01-29T18:52:06","slug":"audio","status":"publish","type":"page","link":"https:\/\/www.dinamitapost.com\/en\/audio\/","title":{"rendered":"Sound"},"content":{"rendered":"<!--themify_builder_content-->\n<div id=\"themify_builder_content-1649\" data-postid=\"1649\" class=\"themify_builder_content themify_builder_content-1649 themify_builder tf_clear\">\n                    <div  data-zoom-bg=\"desktop\" data-lazy=\"1\" class=\"module_row themify_builder_row tb_0k1n768 tb_first tf_w\">\n            <span  class=\"builder_row_cover tf_abs\" data-lazy=\"1\"><\/span>            <div class=\"row_inner col_align_top tb_col_count_1 tf_box tf_rel\">\n                        <div  data-lazy=\"1\" class=\"module_column tb-column col-full tb_czy7771 first\">\n                    <!-- module image -->\n<div  class=\"module module-image tb_ea8j773 image-top   tf_mw\" data-lazy=\"1\">\n        <div class=\"image-wrap tf_rel tf_mw\">\n            <a href=\"\/en\/wp\/home\/\">\n                           <\/a>\n    \n        <\/div>\n    <!-- \/image-wrap -->\n    \n        <\/div>\n<!-- \/module image --><!-- module text -->\n<div  class=\"module module-text tb_otdt252\" data-lazy=\"1\">\n        <div  class=\"tb_text_wrap\">\n        <h1 style=\"margin-bottom: 0;\">SOUND DESIGN<\/h1>    <\/div>\n<\/div>\n<!-- \/module text -->        <\/div>\n                        <\/div>\n        <\/div>\n                        <div  data-lazy=\"1\" class=\"module_row themify_builder_row tb_lucb769 tf_w\">\n                        <div class=\"row_inner col_align_top tb_col_count_1 tf_box tf_rel\">\n                        <div  data-lazy=\"1\" class=\"module_column tb-column col-full tb_chvg776 first\">\n                            <div  data-lazy=\"1\" class=\"module_subrow themify_builder_sub_row tf_w col_align_top tb_col_count_2 tb_if2l776\">\n                <div  data-lazy=\"1\" class=\"module_column sub_column col4-2 tb_pvj1777 first\">\n                    <!-- module text -->\n<div  class=\"module module-text tb_gkv8308\" data-lazy=\"1\">\n        <div  class=\"tb_text_wrap\">\n        <h3 style=\"text-align: center;\">Fundamental for transmitting emotions through Dialogs, Effects (SFX), Music and Sound<\/h3>    <\/div>\n<\/div>\n<!-- \/module text --><!-- module divider -->\n<div  class=\"module tf_mw module-divider tb_g7jr73 dotted\" style=\"border-width: 1px;border-color: #000000;\" data-lazy=\"1\">\n    <\/div>\n<!-- \/module divider -->\n<!-- module video -->\n<div  class=\"module module-video tb_woi3717 video-top\" data-lazy=\"1\">\n            <h3 class=\"module-title\">DEMO AUDIO DINAMITA POST<\/h3>        <div class=\"video-wrap-outer\">\n            <div class=\"video-wrap tf_rel tf_overflow\">\n                                    <noscript><iframe data-no-script src=\"https:\/\/player.vimeo.com\/video\/352587076?h=32c7054ed8&#038;pip=1&#038;playsinline=1&#038;portrait=0&#038;title=0&#038;byline=0\" allow=\"fullscreen\" class=\"tf_abs tf_w tf_h\"><\/iframe><\/noscript>\n                                <\/div>\n            <!-- \/video-wrap -->\n        <\/div>\n        <!-- \/video-wrap-outer -->\n            <\/div>\n<!-- module buttons -->\n<div  class=\"module module-buttons tb_ei7d54 buttons-horizontal outline  hide-mobile large rounded\" data-lazy=\"1\">\n        <div class=\"module-buttons-item tf_in_flx\">\n                        <a href=\"\/en\/wp\/servicios\/\" class=\"ui builder_button tf_in_flx gray\" >\n                                    <em><svg  class=\"tf_fa tf-ti-back-left\" aria-hidden=\"true\"><use href=\"#tf-ti-back-left\"><\/use><\/svg><\/em>                                        Go back to SERVICES                                        <\/a>\n                <\/div>\n            <\/div>\n<!-- \/module buttons -->\n        <\/div>\n                    <div  data-lazy=\"1\" class=\"module_column sub_column col4-2 tb_hl0g372 last\">\n                    <!-- module buttons -->\n<div  class=\"module module-buttons tb_75zj820 buttons-horizontal outline  xlarge rounded\" data-lazy=\"1\">\n        <div class=\"module-buttons-item tf_in_flx\">\n                        <a href=\"\/en\/wp\/contacto\/\" class=\"ui builder_button tf_in_flx black\" >\n                                                MORE INFORMATION                                        <\/a>\n                <\/div>\n            <\/div>\n<!-- \/module buttons -->\n<!-- module buttons -->\n<div  class=\"module module-buttons tb_ovts765 buttons-horizontal outline  hide-desktop hide-tablet hide-tablet_landscape large rounded\" data-lazy=\"1\">\n        <div class=\"module-buttons-item tf_in_flx\">\n                        <a href=\"\/en\/wp\/servicios\/\" class=\"ui builder_button tf_in_flx gray\" >\n                                    <em><svg  class=\"tf_fa tf-ti-back-left\" aria-hidden=\"true\"><use href=\"#tf-ti-back-left\"><\/use><\/svg><\/em>                                        Go back to SERVICES                                        <\/a>\n                <\/div>\n            <\/div>\n<!-- \/module buttons -->\n        <\/div>\n                    <\/div>\n                <\/div>\n                        <\/div>\n        <\/div>\n                        <div  data-lazy=\"1\" class=\"module_row themify_builder_row tb_oqt2443 tf_w\">\n                        <div class=\"row_inner col_align_top tb_col_count_1 tf_box tf_rel\">\n                        <div  data-lazy=\"1\" class=\"module_column tb-column col-full tb_uls7444 first\">\n                    <!-- module contact -->\n<div  id=\"tb_aj3o75\" class=\"module module-contact tb_aj3o75 contact-style1\" data-lazy=\"1\">\n    <h3 class=\"module-title\">Cotiza tu proyecto<\/h3>\n\t<form class=\"builder-contact\"\n\t\tid=\"tb_aj3o75-form\"\n\t\tmethod=\"post\"\n\t\tdata-post-id=\"1649\"\n\t\tdata-element-id=\"aj3o75\"\n\t\tdata-orig-id=\"1649\" action=\"\"\n\t>\n    <div class=\"contact-message\"><\/div>\n\t<div class=\"builder-contact-fields tf_rel\">\n\t\t    \t\t    <div class=\"builder-contact-field builder-contact-field-name builder-contact-text-field\">\n\t\t\t    <label class=\"control-label\" for=\"tb_aj3o75-contact-name\">\n\t\t\t\t\t\t\t\t\t\t<span class=\"tb-label-span\">Name <\/span><span class=\"required\">*<\/span>\t\t\t\t<\/label>\n\t\t\t    <div class=\"control-input tf_rel\">\n\t\t\t\t    \t\t\t\t\t    <input type=\"text\" name=\"contact-name\" placeholder=\"\" id=\"tb_aj3o75-contact-name\" value=\"\" class=\"form-control\" required>\n\t\t\t\t    \t\t\t\t    \t\t\t    <\/div>\n\t\t<\/div>\n\t    \n\t\t    \t\t    <div class=\"builder-contact-field builder-contact-field-email builder-contact-text-field\">\n\t\t\t    <label class=\"control-label\" for=\"tb_aj3o75-contact-email\">\n\t\t\t\t\t\t\t\t\t\t<span class=\"tb-label-span\">Email <\/span><span class=\"required\">*<\/span>\t\t\t\t<\/label>\n\t\t\t    <div class=\"control-input tf_rel\">\n\t\t\t\t    \t\t\t\t\t    <input type=\"email\" name=\"contact-email\" placeholder=\"\" id=\"tb_aj3o75-contact-email\" value=\"\" class=\"form-control\" required>\n\t\t\t\t    \t\t\t\t    \t\t\t    <\/div>\n\t\t<\/div>\n\t    \n\t\t    \t\t    <div class=\"builder-contact-field builder-contact-field-subject builder-contact-text-field\">\n\t\t\t    <label class=\"control-label\" for=\"tb_aj3o75-contact-subject\">\n\t\t\t\t\t\t\t\t\t\t<span class=\"tb-label-span\">Subject <\/span><span class=\"required\">*<\/span>\t\t\t\t<\/label>\n\t\t\t    <div class=\"control-input tf_rel\">\n\t\t\t\t    \t\t\t\t\t    <input type=\"text\" name=\"contact-subject\" placeholder=\"\" id=\"tb_aj3o75-contact-subject\" value=\"\" class=\"form-control\" required>\n\t\t\t\t    \t\t\t\t    \t\t\t    <\/div>\n\t\t<\/div>\n\t    \n\t\t    \t\t    <div class=\"builder-contact-field builder-contact-field-message builder-contact-textarea-field\">\n\t\t\t    <label class=\"control-label\" for=\"tb_aj3o75-contact-message\">\n\t\t\t\t\t\t\t\t\t\t<span class=\"tb-label-span\">Message <\/span>\t\t\t\t<\/label>\n\t\t\t    <div class=\"control-input tf_rel\">\n\t\t\t\t    \t\t\t\t\t    <textarea name=\"contact-message\" placeholder=\"\" id=\"tb_aj3o75-contact-message\" class=\"form-control\"><\/textarea>\n\t\t\t\t    \t\t\t\t    \t\t\t    <\/div>\n\t\t<\/div>\n\t    \n\t\t    \t\t\n\t\t\n\t    \n\t    <div class=\"builder-contact-field builder-contact-field-send control-input tf_textc tf_clear tf_rel\">\n\t\t\t<button type=\"submit\" class=\"btn btn-primary\">\n\t\t\t\t<span class=\"tf_loader\"><\/span>\t\t\t\t<span class=\"tf_submit_icon\"><\/span> \n\t\t\t\tSend\t\t\t<\/button>\n\t    <\/div>\n\t<\/div>\n    <input type=\"hidden\" name=\"trp-form-language\" value=\"en\"\/><\/form>\n    <\/div>\n<!-- \/module contact -->\n        <\/div>\n                        <\/div>\n        <\/div>\n        <\/div>\n<!--\/themify_builder_content-->","protected":false},"excerpt":{"rendered":"<p>DISE\u00d1O DE AUDIO Fundamental para transmitir emociones a trav\u00e9s de Di\u00e1logos, Efectos (SFX), M\u00fasica y Ambiente DEMO AUDIO DINAMITA POST Regresar a SERVICIOS Principales Servicios: DISE\u00d1O DE AUDIO Mezcla 5.1 Mezcla Estereo Grabaci\u00f3n de Locutor Grabaci\u00f3n y Dise\u00f1o de Foley Grabaci\u00f3n y Dise\u00f1o de Ambientes Composici\u00f3n y Supervisi\u00f3n Musical MAYORES INFORMES Regresar a SERVICIOS Cotiza [&hellip;]<\/p>","protected":false},"author":1,"featured_media":0,"parent":0,"menu_order":0,"comment_status":"closed","ping_status":"closed","template":"","meta":{"footnotes":""},"class_list":["post-1649","page","type-page","status-publish","hentry","has-post-title","has-post-date","has-post-category","has-post-tag","has-post-comment","has-post-author",""],"builder_content":"<a href=\"\/wp\/home\"> <\/a>\n<h1 style=\"margin-bottom: 0;\">DISE\u00d1O DE AUDIO<\/h1>\n<h3 style=\"text-align: center;\">Fundamental para transmitir emociones a trav\u00e9s de Di\u00e1logos, Efectos (SFX), M\u00fasica y Ambiente<\/h3>\n\n[embed]https:\/\/vimeo.com\/352587076\/32c7054ed8[\/embed]\n<a href=\"\/wp\/servicios\" > <em><svg aria-hidden=\"true\"><use href=\"#tf-ti-back-left\"><\/use><\/svg><\/em> Regresar a SERVICIOS <\/a>\n<a href=\"\/wp\/contacto\" > MAYORES INFORMES <\/a>\n<a href=\"\/wp\/servicios\" > <em><svg aria-hidden=\"true\"><use href=\"#tf-ti-back-left\"><\/use><\/svg><\/em> Regresar a SERVICIOS <\/a>\n<h3>Cotiza tu proyecto<\/h3> <form id=\"tb_aj3o75-form\" method=\"post\" data-post-id=\"0\" data-element-id=\"aj3o75\" data-orig-id=\"1649\" > <label for=\"tb_aj3o75-contact-name\"> Name * <\/label> <input type=\"text\" name=\"contact-name\" placeholder=\"\" id=\"tb_aj3o75-contact-name\" value=\"\" required> <label for=\"tb_aj3o75-contact-email\"> Email * <\/label> <input type=\"email\" name=\"contact-email\" placeholder=\"\" id=\"tb_aj3o75-contact-email\" value=\"\" required> <label for=\"tb_aj3o75-contact-subject\"> Subject * <\/label> <input type=\"text\" name=\"contact-subject\" placeholder=\"\" id=\"tb_aj3o75-contact-subject\" value=\"\" required> <label for=\"tb_aj3o75-contact-message\"> Message <\/label> <textarea name=\"contact-message\" placeholder=\"\" id=\"tb_aj3o75-contact-message\"><\/textarea> <button type=\"submit\"> Send <\/button> <\/form>","_links":{"self":[{"href":"https:\/\/www.dinamitapost.com\/en\/wp-json\/wp\/v2\/pages\/1649","targetHints":{"allow":["GET"]}}],"collection":[{"href":"https:\/\/www.dinamitapost.com\/en\/wp-json\/wp\/v2\/pages"}],"about":[{"href":"https:\/\/www.dinamitapost.com\/en\/wp-json\/wp\/v2\/types\/page"}],"author":[{"embeddable":true,"href":"https:\/\/www.dinamitapost.com\/en\/wp-json\/wp\/v2\/users\/1"}],"replies":[{"embeddable":true,"href":"https:\/\/www.dinamitapost.com\/en\/wp-json\/wp\/v2\/comments?post=1649"}],"version-history":[{"count":19,"href":"https:\/\/www.dinamitapost.com\/en\/wp-json\/wp\/v2\/pages\/1649\/revisions"}],"predecessor-version":[{"id":3202,"href":"https:\/\/www.dinamitapost.com\/en\/wp-json\/wp\/v2\/pages\/1649\/revisions\/3202"}],"wp:attachment":[{"href":"https:\/\/www.dinamitapost.com\/en\/wp-json\/wp\/v2\/media?parent=1649"}],"curies":[{"name":"wp","href":"https:\/\/api.w.org\/{rel}","templated":true}]}}