{"id":1653,"date":"2020-07-13T16:33:09","date_gmt":"2020-07-13T16:33:09","guid":{"rendered":"https:\/\/www.dinamitapost.com\/wp\/audio-copy\/"},"modified":"2025-01-29T19:13:33","modified_gmt":"2025-01-29T19:13:33","slug":"color","status":"publish","type":"page","link":"https:\/\/www.dinamitapost.com\/en\/color\/","title":{"rendered":"Color"},"content":{"rendered":"<!--themify_builder_content-->\n<div id=\"themify_builder_content-1653\" data-postid=\"1653\" class=\"themify_builder_content themify_builder_content-1653 themify_builder tf_clear\">\n                    <div  data-zoom-bg=\"desktop\" data-lazy=\"1\" class=\"module_row themify_builder_row tb_r3sm354 tb_first tf_w\">\n            <span  class=\"builder_row_cover tf_abs\" data-lazy=\"1\"><\/span>            <div class=\"row_inner col_align_top tb_col_count_1 tf_box tf_rel\">\n                        <div  data-lazy=\"1\" class=\"module_column tb-column col-full tb_53aa356 first\">\n                    <!-- module image -->\n<div  class=\"module module-image tb_wfu9357 image-top   tf_mw\" data-lazy=\"1\">\n        <div class=\"image-wrap tf_rel tf_mw\">\n            <a href=\"\/en\/wp\/home\/\">\n                   <img loading=\"lazy\" decoding=\"async\" src=\"https:\/\/www.dinamitapost.com\/wp\/wp-content\/uploads\/2020\/06\/DINAMITA-POST-casa-de-post-produccion-mexico-LOGO-blanco-175x144.png\" width=\"175\" height=\"144\" class=\"wp-post-image wp-image-56\" title=\"DINAMITA-POST-postproduction-house-in-mexico-white-LOGO\" alt=\"DINAMITA-POST-casa-de-post-produccion-mexico-LOGO-blanco\" srcset=\"https:\/\/www.dinamitapost.com\/wp\/wp-content\/uploads\/2020\/06\/DINAMITA-POST-casa-de-post-produccion-mexico-LOGO-blanco-175x144.png 175w, https:\/\/www.dinamitapost.com\/wp\/wp-content\/uploads\/2020\/06\/DINAMITA-POST-casa-de-post-produccion-mexico-LOGO-blanco-300x248.png 300w, https:\/\/www.dinamitapost.com\/wp\/wp-content\/uploads\/2020\/06\/DINAMITA-POST-casa-de-post-produccion-mexico-LOGO-blanco.png 707w\" sizes=\"auto, (max-width: 175px) 100vw, 175px\" \/>        <\/a>\n    \n        <\/div>\n    <!-- \/image-wrap -->\n    \n        <\/div>\n<!-- \/module image --><!-- module text -->\n<div  class=\"module module-text tb_47n3512\" data-lazy=\"1\">\n        <div  class=\"tb_text_wrap\">\n        <h1 style=\"margin-bottom: 0;\">CIENCIA DEL COLOR<\/h1>    <\/div>\n<\/div>\n<!-- \/module text -->        <\/div>\n                        <\/div>\n        <\/div>\n                        <div  data-lazy=\"1\" class=\"module_row themify_builder_row tb_zdga487 tf_w\">\n                        <div class=\"row_inner col_align_top tb_col_count_1 tf_box tf_rel\">\n                        <div  data-lazy=\"1\" class=\"module_column tb-column col-full tb_arct488 first\">\n                            <div  data-lazy=\"1\" class=\"module_subrow themify_builder_sub_row tf_w col_align_top tb_col_count_2 tb_8afq489\">\n                <div  data-lazy=\"1\" class=\"module_column sub_column col4-2 tb_qt04490 first\">\n                    <!-- module text -->\n<div  class=\"module module-text tb_jwet490\" data-lazy=\"1\">\n        <div  class=\"tb_text_wrap\">\n        <h2 style=\"text-align: center;\">Emotions<br \/>through light<\/h2>\n<p>No importa d\u00f3nde te encuentres, con nuestros servicios de <strong>Color Science Supervising<\/strong> podr\u00e1s obtener el resultado \u00f3ptimo para tus producciones desde donde quiera que te encuentres.<\/p>\n<p style=\"text-align: left;\">We intensify or mitigate emotions according to the needs of the story through collaborative work with photographers, directors, and executives, be it a miniseries, documentaries, feature films or advertising spots. We always stick to broadcasters' and platforms' standards and advise our clients from pre-production to choose the best pathway regarding color spaces. Our colorists get involved from camera testing by supporting the photographer to achieve optimal results.<\/p>    <\/div>\n<\/div>\n<!-- \/module text --><!-- module divider -->\n<div  class=\"module tf_mw module-divider tb_jr7r504 dotted\" style=\"border-width: 1px;border-color: #000000;\" data-lazy=\"1\">\n    <\/div>\n<!-- \/module divider -->\n<!-- module video -->\n<div  class=\"module module-video tb_xt37309 video-top\" data-lazy=\"1\">\n            <h3 class=\"module-title\">DEMO COLOR DINAMITA POST<\/h3>        <div class=\"video-wrap-outer\">\n            <div class=\"video-wrap tf_rel tf_overflow\">\n                                    <noscript><iframe data-no-script src=\"https:\/\/player.vimeo.com\/video\/299798858?h=9e8ad63620&#038;pip=1&#038;playsinline=1&#038;portrait=0&#038;title=0&#038;byline=0\" allow=\"fullscreen\" class=\"tf_abs tf_w tf_h\"><\/iframe><\/noscript>\n                                <\/div>\n            <!-- \/video-wrap -->\n        <\/div>\n        <!-- \/video-wrap-outer -->\n            <\/div>\n<!-- module video -->\n<div  class=\"module module-video tb_96ck827 video-overlay\" data-lazy=\"1\">\n                    <div class=\"video-wrap-outer\">\n            <div class=\"video-wrap tf_rel tf_overflow\">\n                                    <noscript><iframe data-no-script src=\"https:\/\/player.vimeo.com\/video\/534134020?h=&#038;pip=1&#038;playsinline=1&#038;portrait=0&#038;title=0&#038;byline=0\" allow=\"fullscreen\" class=\"tf_abs tf_w tf_h\"><\/iframe><\/noscript>\n                                                                <div class=\"tb_video_overlay tf_abs_t tf_w tf_h\">\n                            <div class=\"tb_video_play tf_abs_c\"><\/div>\n                          \n                        <img loading=\"lazy\" decoding=\"async\" width=\"974\" height=\"548\" src=\"https:\/\/www.dinamitapost.com\/wp\/wp-content\/uploads\/2021\/04\/DinamitaPost-casa-de-postproduccion-mexico-video-DEMO-PUBLICIDAD-202104-Maribel-Muro-Overlay-Image.jpg\" class=\"wp-post-image wp-image-2842\" style=\"width:100%;object-fit:cover\" title=\"DinamitaPost-casa-de-postproduccion-mexico-video-DEMO-PUBLICIDAD-202104-Maribel-Muro-Overlay-Image\" alt=\"DinamitaPost-casa-de-postproduccion-mexico-video-DEMO-PUBLICIDAD-202104-Maribel-Muro-Overlay-Image\" srcset=\"https:\/\/www.dinamitapost.com\/wp\/wp-content\/uploads\/2021\/04\/DinamitaPost-casa-de-postproduccion-mexico-video-DEMO-PUBLICIDAD-202104-Maribel-Muro-Overlay-Image.jpg 974w, https:\/\/www.dinamitapost.com\/wp\/wp-content\/uploads\/2021\/04\/DinamitaPost-casa-de-postproduccion-mexico-video-DEMO-PUBLICIDAD-202104-Maribel-Muro-Overlay-Image-300x169.jpg 300w, https:\/\/www.dinamitapost.com\/wp\/wp-content\/uploads\/2021\/04\/DinamitaPost-casa-de-postproduccion-mexico-video-DEMO-PUBLICIDAD-202104-Maribel-Muro-Overlay-Image-768x432.jpg 768w, https:\/\/www.dinamitapost.com\/wp\/wp-content\/uploads\/2021\/04\/DinamitaPost-casa-de-postproduccion-mexico-video-DEMO-PUBLICIDAD-202104-Maribel-Muro-Overlay-Image-16x9.jpg 16w\" sizes=\"auto, (max-width: 974px) 100vw, 974px\" \/>                                                <\/div>\n                      \n                                <\/div>\n            <!-- \/video-wrap -->\n        <\/div>\n        <!-- \/video-wrap-outer -->\n            <\/div>\n<!-- module buttons -->\n<div  class=\"module module-buttons tb_1wp0222 buttons-horizontal outline  hide-mobile large rounded\" data-lazy=\"1\">\n        <div class=\"module-buttons-item tf_in_flx\">\n                        <a href=\"\/en\/wp\/servicios\/\" class=\"ui builder_button tf_in_flx gray\" >\n                                    <em><svg  class=\"tf_fa tf-ti-back-left\" aria-hidden=\"true\"><use href=\"#tf-ti-back-left\"><\/use><\/svg><\/em>                                        Go back to SERVICES                                        <\/a>\n                <\/div>\n            <\/div>\n<!-- \/module buttons -->\n        <\/div>\n                    <div  data-lazy=\"1\" class=\"module_column sub_column col4-2 tb_ut8z491 last\">\n                    <!-- module buttons -->\n<div  class=\"module module-buttons tb_8ckh630 buttons-horizontal outline  xlarge rounded\" data-lazy=\"1\">\n        <div class=\"module-buttons-item tf_in_flx\">\n                        <a href=\"\/en\/wp\/contacto\/\" class=\"ui builder_button tf_in_flx black\" >\n                                                MORE INFORMATION                                        <\/a>\n                <\/div>\n            <\/div>\n<!-- \/module buttons -->\n<!-- module buttons -->\n<div  class=\"module module-buttons tb_st6r316 buttons-horizontal outline  hide-desktop hide-tablet hide-tablet_landscape large rounded\" data-lazy=\"1\">\n        <div class=\"module-buttons-item tf_in_flx\">\n                        <a href=\"\/en\/wp\/servicios\/\" class=\"ui builder_button tf_in_flx gray\" >\n                                    <em><svg  class=\"tf_fa tf-ti-back-left\" aria-hidden=\"true\"><use href=\"#tf-ti-back-left\"><\/use><\/svg><\/em>                                        Go back to SERVICES                                        <\/a>\n                <\/div>\n            <\/div>\n<!-- \/module buttons -->\n        <\/div>\n                    <\/div>\n                <\/div>\n                        <\/div>\n        <\/div>\n                        <div  data-lazy=\"1\" class=\"module_row themify_builder_row tb_a5dw405 tf_w\">\n                        <div class=\"row_inner col_align_top tb_col_count_1 tf_box tf_rel\">\n                        <div  data-lazy=\"1\" class=\"module_column tb-column col-full tb_fx6q406 first\">\n                    <!-- module contact -->\n<div  id=\"tb_hsum324\" class=\"module module-contact tb_hsum324 contact-style1\" data-lazy=\"1\">\n    <h3 class=\"module-title\">Cotiza tu proyecto<\/h3>\n\t<form class=\"builder-contact\"\n\t\tid=\"tb_hsum324-form\"\n\t\tmethod=\"post\"\n\t\tdata-post-id=\"1653\"\n\t\tdata-element-id=\"hsum324\"\n\t\tdata-orig-id=\"1653\" action=\"\"\n\t>\n    <div class=\"contact-message\"><\/div>\n\t<div class=\"builder-contact-fields tf_rel\">\n\t\t    \t\t    <div class=\"builder-contact-field builder-contact-field-name builder-contact-text-field\">\n\t\t\t    <label class=\"control-label\" for=\"tb_hsum324-contact-name\">\n\t\t\t\t\t\t\t\t\t\t<span class=\"tb-label-span\">Name <\/span><span class=\"required\">*<\/span>\t\t\t\t<\/label>\n\t\t\t    <div class=\"control-input tf_rel\">\n\t\t\t\t    \t\t\t\t\t    <input type=\"text\" name=\"contact-name\" placeholder=\"\" id=\"tb_hsum324-contact-name\" value=\"\" class=\"form-control\" required>\n\t\t\t\t    \t\t\t\t    \t\t\t    <\/div>\n\t\t<\/div>\n\t    \n\t\t    \t\t    <div class=\"builder-contact-field builder-contact-field-email builder-contact-text-field\">\n\t\t\t    <label class=\"control-label\" for=\"tb_hsum324-contact-email\">\n\t\t\t\t\t\t\t\t\t\t<span class=\"tb-label-span\">Email <\/span><span class=\"required\">*<\/span>\t\t\t\t<\/label>\n\t\t\t    <div class=\"control-input tf_rel\">\n\t\t\t\t    \t\t\t\t\t    <input type=\"email\" name=\"contact-email\" placeholder=\"\" id=\"tb_hsum324-contact-email\" value=\"\" class=\"form-control\" required>\n\t\t\t\t    \t\t\t\t    \t\t\t    <\/div>\n\t\t<\/div>\n\t    \n\t\t    \t\t    <div class=\"builder-contact-field builder-contact-field-subject builder-contact-text-field\">\n\t\t\t    <label class=\"control-label\" for=\"tb_hsum324-contact-subject\">\n\t\t\t\t\t\t\t\t\t\t<span class=\"tb-label-span\">Subject <\/span><span class=\"required\">*<\/span>\t\t\t\t<\/label>\n\t\t\t    <div class=\"control-input tf_rel\">\n\t\t\t\t    \t\t\t\t\t    <input type=\"text\" name=\"contact-subject\" placeholder=\"\" id=\"tb_hsum324-contact-subject\" value=\"\" class=\"form-control\" required>\n\t\t\t\t    \t\t\t\t    \t\t\t    <\/div>\n\t\t<\/div>\n\t    \n\t\t    \t\t    <div class=\"builder-contact-field builder-contact-field-message builder-contact-textarea-field\">\n\t\t\t    <label class=\"control-label\" for=\"tb_hsum324-contact-message\">\n\t\t\t\t\t\t\t\t\t\t<span class=\"tb-label-span\">Message <\/span>\t\t\t\t<\/label>\n\t\t\t    <div class=\"control-input tf_rel\">\n\t\t\t\t    \t\t\t\t\t    <textarea name=\"contact-message\" placeholder=\"\" id=\"tb_hsum324-contact-message\" class=\"form-control\"><\/textarea>\n\t\t\t\t    \t\t\t\t    \t\t\t    <\/div>\n\t\t<\/div>\n\t    \n\t\t    \t\t\n\t\t\n\t    \n\t    <div class=\"builder-contact-field builder-contact-field-send control-input tf_textc tf_clear tf_rel\">\n\t\t\t<button type=\"submit\" class=\"btn btn-primary\">\n\t\t\t\t<span class=\"tf_loader\"><\/span>\t\t\t\t<span class=\"tf_submit_icon\"><\/span> \n\t\t\t\tSend\t\t\t<\/button>\n\t    <\/div>\n\t<\/div>\n    <input type=\"hidden\" name=\"trp-form-language\" value=\"en\"\/><\/form>\n    <\/div>\n<!-- \/module contact -->\n        <\/div>\n                        <\/div>\n        <\/div>\n        <\/div>\n<!--\/themify_builder_content-->","protected":false},"excerpt":{"rendered":"<p>CIENCIA DEL COLOR<\/p>","protected":false},"author":1,"featured_media":0,"parent":0,"menu_order":0,"comment_status":"closed","ping_status":"closed","template":"","meta":{"footnotes":""},"class_list":["post-1653","page","type-page","status-publish","hentry","has-post-title","has-post-date","has-post-category","has-post-tag","has-post-comment","has-post-author",""],"builder_content":"<a href=\"\/wp\/home\"> <img src=\"https:\/\/www.dinamitapost.com\/wp\/wp-content\/uploads\/2020\/06\/DINAMITA-POST-casa-de-post-produccion-mexico-LOGO-blanco-175x144.png\" width=\"175\" height=\"144\" title=\"DINAMITA-POST-casa-de-post-produccion-mexico-LOGO-blanco\" alt=\"DINAMITA-POST-casa-de-post-produccion-mexico-LOGO-blanco\" srcset=\"https:\/\/www.dinamitapost.com\/wp\/wp-content\/uploads\/2020\/06\/DINAMITA-POST-casa-de-post-produccion-mexico-LOGO-blanco-175x144.png 175w, https:\/\/www.dinamitapost.com\/wp\/wp-content\/uploads\/2020\/06\/DINAMITA-POST-casa-de-post-produccion-mexico-LOGO-blanco-300x248.png 300w, https:\/\/www.dinamitapost.com\/wp\/wp-content\/uploads\/2020\/06\/DINAMITA-POST-casa-de-post-produccion-mexico-LOGO-blanco.png 707w\" sizes=\"(max-width: 175px) 100vw, 175px\" \/> <\/a>\n<h1 style=\"margin-bottom: 0;\">CIENCIA DEL COLOR<\/h1>\n<h2 style=\"text-align: center;\">Emociones<br \/>a trav\u00e9s de la luz<\/h2> <p>No importa d\u00f3nde te encuentres, con nuestros servicios de <strong>Color Science Supervising<\/strong> podr\u00e1s obtener el resultado \u00f3ptimo para tus producciones desde donde quiera que te encuentres.<\/p> <p style=\"text-align: left;\">Intensificamos o atenuamos las emociones requeridas por la historia a trav\u00e9s de nuestro trabajo colaborativo con fot\u00f3grafos, directores y ejecutivos, ya sea una miniserie, un documental, un largometraje o un anuncio publicitario. Apegados siempre a los estandares usados en broadcasters y plataformas, asesoramos a nuestros clientes desde la preproducci\u00f3n para elegir la mejor ruta respecto a los espacios de color. Nuestros coloristas se involucran desde las pruebas de c\u00e1mara, apoyando al fot\u00f3grafo para obtener los mejores resultados.<\/p>\n\n[embed]https:\/\/vimeo.com\/299798858\/9e8ad63620[\/embed]\n[embed]https:\/\/vimeo.com\/534134020[\/embed]\n<a href=\"\/wp\/servicios\" > <em><svg aria-hidden=\"true\"><use href=\"#tf-ti-back-left\"><\/use><\/svg><\/em> Regresar a SERVICIOS <\/a>\n<a href=\"\/wp\/contacto\" > MAYORES INFORMES <\/a>\n<a href=\"\/wp\/servicios\" > <em><svg aria-hidden=\"true\"><use href=\"#tf-ti-back-left\"><\/use><\/svg><\/em> Regresar a SERVICIOS <\/a>\n<h3>Cotiza tu proyecto<\/h3> <form id=\"tb_hsum324-form\" method=\"post\" data-post-id=\"0\" data-element-id=\"hsum324\" data-orig-id=\"1653\" > <label for=\"tb_hsum324-contact-name\"> Name * <\/label> <input type=\"text\" name=\"contact-name\" placeholder=\"\" id=\"tb_hsum324-contact-name\" value=\"\" required> <label for=\"tb_hsum324-contact-email\"> Email * <\/label> <input type=\"email\" name=\"contact-email\" placeholder=\"\" id=\"tb_hsum324-contact-email\" value=\"\" required> <label for=\"tb_hsum324-contact-subject\"> Subject * <\/label> <input type=\"text\" name=\"contact-subject\" placeholder=\"\" id=\"tb_hsum324-contact-subject\" value=\"\" required> <label for=\"tb_hsum324-contact-message\"> Message <\/label> <textarea name=\"contact-message\" placeholder=\"\" id=\"tb_hsum324-contact-message\"><\/textarea> <button type=\"submit\"> Send <\/button> <\/form>","_links":{"self":[{"href":"https:\/\/www.dinamitapost.com\/en\/wp-json\/wp\/v2\/pages\/1653","targetHints":{"allow":["GET"]}}],"collection":[{"href":"https:\/\/www.dinamitapost.com\/en\/wp-json\/wp\/v2\/pages"}],"about":[{"href":"https:\/\/www.dinamitapost.com\/en\/wp-json\/wp\/v2\/types\/page"}],"author":[{"embeddable":true,"href":"https:\/\/www.dinamitapost.com\/en\/wp-json\/wp\/v2\/users\/1"}],"replies":[{"embeddable":true,"href":"https:\/\/www.dinamitapost.com\/en\/wp-json\/wp\/v2\/comments?post=1653"}],"version-history":[{"count":17,"href":"https:\/\/www.dinamitapost.com\/en\/wp-json\/wp\/v2\/pages\/1653\/revisions"}],"predecessor-version":[{"id":3217,"href":"https:\/\/www.dinamitapost.com\/en\/wp-json\/wp\/v2\/pages\/1653\/revisions\/3217"}],"wp:attachment":[{"href":"https:\/\/www.dinamitapost.com\/en\/wp-json\/wp\/v2\/media?parent=1653"}],"curies":[{"name":"wp","href":"https:\/\/api.w.org\/{rel}","templated":true}]}}