{"id":1657,"date":"2020-07-13T16:33:34","date_gmt":"2020-07-13T16:33:34","guid":{"rendered":"https:\/\/www.dinamitapost.com\/wp\/color-copy\/"},"modified":"2025-01-29T19:35:44","modified_gmt":"2025-01-29T19:35:44","slug":"editorial","status":"publish","type":"page","link":"https:\/\/www.dinamitapost.com\/en\/editorial\/","title":{"rendered":"Editorial"},"content":{"rendered":"<!--themify_builder_content-->\n<div id=\"themify_builder_content-1657\" data-postid=\"1657\" class=\"themify_builder_content themify_builder_content-1657 themify_builder tf_clear\">\n                    <div  data-zoom-bg=\"desktop\" data-lazy=\"1\" class=\"module_row themify_builder_row tb_96lm743 tb_first tf_w\">\n            <span  class=\"builder_row_cover tf_abs\" data-lazy=\"1\"><\/span>            <div class=\"row_inner col_align_top tb_col_count_1 tf_box tf_rel\">\n                        <div  data-lazy=\"1\" class=\"module_column tb-column col-full tb_zsuv745 first\">\n                    <!-- module image -->\n<div  class=\"module module-image tb_zxn7746 image-top   tf_mw\" data-lazy=\"1\">\n        <div class=\"image-wrap tf_rel tf_mw\">\n            <a href=\"\/en\/wp\/home\/\">\n                   <img loading=\"lazy\" decoding=\"async\" src=\"https:\/\/www.dinamitapost.com\/wp\/wp-content\/uploads\/2020\/06\/DINAMITA-POST-casa-de-post-produccion-mexico-LOGO-blanco-175x144.png\" width=\"175\" height=\"144\" class=\"wp-post-image wp-image-56\" title=\"DINAMITA-POST-postproduction-house-in-mexico-white-LOGO\" alt=\"DINAMITA-POST-casa-de-post-produccion-mexico-LOGO-blanco\" srcset=\"https:\/\/www.dinamitapost.com\/wp\/wp-content\/uploads\/2020\/06\/DINAMITA-POST-casa-de-post-produccion-mexico-LOGO-blanco-175x144.png 175w, https:\/\/www.dinamitapost.com\/wp\/wp-content\/uploads\/2020\/06\/DINAMITA-POST-casa-de-post-produccion-mexico-LOGO-blanco-300x248.png 300w, https:\/\/www.dinamitapost.com\/wp\/wp-content\/uploads\/2020\/06\/DINAMITA-POST-casa-de-post-produccion-mexico-LOGO-blanco.png 707w\" sizes=\"auto, (max-width: 175px) 100vw, 175px\" \/>        <\/a>\n    \n        <\/div>\n    <!-- \/image-wrap -->\n    \n        <\/div>\n<!-- \/module image --><!-- module text -->\n<div  class=\"module module-text tb_yw4q360\" data-lazy=\"1\">\n        <div  class=\"tb_text_wrap\">\n        <h1 style=\"margin-bottom: 0;\">EDITORIAL<\/h1>    <\/div>\n<\/div>\n<!-- \/module text -->        <\/div>\n                        <\/div>\n        <\/div>\n                        <div  data-lazy=\"1\" class=\"module_row themify_builder_row tb_p3fb599 tf_w\">\n                        <div class=\"row_inner col_align_top tb_col_count_1 tf_box tf_rel\">\n                        <div  data-lazy=\"1\" class=\"module_column tb-column col-full tb_4t8h601 first\">\n                            <div  data-lazy=\"1\" class=\"module_subrow themify_builder_sub_row tf_w col_align_top tb_col_count_2 tb_0kcx602\">\n                <div  data-lazy=\"1\" class=\"module_column sub_column col4-2 tb_p61m603 first\">\n                    <!-- module text -->\n<div  class=\"module module-text tb_jbws142\" data-lazy=\"1\">\n        <div  class=\"tb_text_wrap\">\n        <h3 style=\"text-align: center;\">The right narrative, with the right decisions<\/h3>\n<p>Dinamita Post Editorial House relies on <b>a complete editorial structure that goes from <em>Data Manager<\/em> to <em>Head Editor<\/em>.<\/b> One of the most important elements of our model is collaboration and information flow across different post-production departments. The vast experience of our editors helps script writes, directors, show runners and executive producers to obtain the best cut and thus hand out the best version of the story to the audience.<\/p>\n<h3><img loading=\"lazy\" decoding=\"async\" class=\"wp-image-1572  aligncenter\" src=\"https:\/\/www.dinamitapost.com\/wp\/wp-content\/uploads\/2020\/07\/dinamita-post-time-lapse-photo-of-railway-2622848-scaled-1-300x169.jpg\" alt=\"\" width=\"470\" height=\"264\" srcset=\"https:\/\/www.dinamitapost.com\/wp\/wp-content\/uploads\/2020\/07\/dinamita-post-time-lapse-photo-of-railway-2622848-scaled-1-300x169.jpg 300w, https:\/\/www.dinamitapost.com\/wp\/wp-content\/uploads\/2020\/07\/dinamita-post-time-lapse-photo-of-railway-2622848-scaled-1-1024x575.jpg 1024w, https:\/\/www.dinamitapost.com\/wp\/wp-content\/uploads\/2020\/07\/dinamita-post-time-lapse-photo-of-railway-2622848-scaled-1-768x431.jpg 768w, https:\/\/www.dinamitapost.com\/wp\/wp-content\/uploads\/2020\/07\/dinamita-post-time-lapse-photo-of-railway-2622848-scaled-1-1536x863.jpg 1536w, https:\/\/www.dinamitapost.com\/wp\/wp-content\/uploads\/2020\/07\/dinamita-post-time-lapse-photo-of-railway-2622848-scaled-1-2048x1150.jpg 2048w\" sizes=\"auto, (max-width: 470px) 100vw, 470px\" \/><\/h3>    <\/div>\n<\/div>\n<!-- \/module text --><!-- module buttons -->\n<div  class=\"module module-buttons tb_xzlv233 buttons-horizontal outline  hide-mobile large rounded\" data-lazy=\"1\">\n        <div class=\"module-buttons-item tf_in_flx\">\n                        <a href=\"\/en\/wp\/servicios\/\" class=\"ui builder_button tf_in_flx gray\" >\n                                    <em><svg  class=\"tf_fa tf-ti-back-left\" aria-hidden=\"true\"><use href=\"#tf-ti-back-left\"><\/use><\/svg><\/em>                                        Go back to SERVICES                                        <\/a>\n                <\/div>\n            <\/div>\n<!-- \/module buttons -->\n        <\/div>\n                    <div  data-lazy=\"1\" class=\"module_column sub_column col4-2 tb_t1el604 last\">\n                    <!-- module buttons -->\n<div  class=\"module module-buttons tb_qc8q606 buttons-horizontal outline  xlarge rounded\" data-lazy=\"1\">\n        <div class=\"module-buttons-item tf_in_flx\">\n                        <a href=\"\/en\/wp\/contacto\/\" class=\"ui builder_button tf_in_flx black\" >\n                                                MORE INFORMATION                                        <\/a>\n                <\/div>\n            <\/div>\n<!-- \/module buttons -->\n<!-- module buttons -->\n<div  class=\"module module-buttons tb_v8fc771 buttons-horizontal outline  hide-desktop hide-tablet hide-tablet_landscape large rounded\" data-lazy=\"1\">\n        <div class=\"module-buttons-item tf_in_flx\">\n                        <a href=\"\/en\/wp\/servicios\/\" class=\"ui builder_button tf_in_flx gray\" >\n                                    <em><svg  class=\"tf_fa tf-ti-back-left\" aria-hidden=\"true\"><use href=\"#tf-ti-back-left\"><\/use><\/svg><\/em>                                        Go back to SERVICES                                        <\/a>\n                <\/div>\n            <\/div>\n<!-- \/module buttons -->\n        <\/div>\n                    <\/div>\n                <\/div>\n                        <\/div>\n        <\/div>\n                        <div  data-lazy=\"1\" class=\"module_row themify_builder_row tb_s9xj443 tf_w\">\n                        <div class=\"row_inner col_align_top tb_col_count_1 tf_box tf_rel\">\n                        <div  data-lazy=\"1\" class=\"module_column tb-column col-full tb_wqak444 first\">\n                    <!-- module contact -->\n<div  id=\"tb_u5oy460\" class=\"module module-contact tb_u5oy460 contact-style1\" data-lazy=\"1\">\n    <h3 class=\"module-title\">Cotiza tu proyecto<\/h3>\n\t<form class=\"builder-contact\"\n\t\tid=\"tb_u5oy460-form\"\n\t\tmethod=\"post\"\n\t\tdata-post-id=\"1657\"\n\t\tdata-element-id=\"u5oy460\"\n\t\tdata-orig-id=\"1657\" action=\"\"\n\t>\n    <div class=\"contact-message\"><\/div>\n\t<div class=\"builder-contact-fields tf_rel\">\n\t\t    \t\t    <div class=\"builder-contact-field builder-contact-field-name builder-contact-text-field\">\n\t\t\t    <label class=\"control-label\" for=\"tb_u5oy460-contact-name\">\n\t\t\t\t\t\t\t\t\t\t<span class=\"tb-label-span\">Name <\/span><span class=\"required\">*<\/span>\t\t\t\t<\/label>\n\t\t\t    <div class=\"control-input tf_rel\">\n\t\t\t\t    \t\t\t\t\t    <input type=\"text\" name=\"contact-name\" placeholder=\"\" id=\"tb_u5oy460-contact-name\" value=\"\" class=\"form-control\" required>\n\t\t\t\t    \t\t\t\t    \t\t\t    <\/div>\n\t\t<\/div>\n\t    \n\t\t    \t\t    <div class=\"builder-contact-field builder-contact-field-email builder-contact-text-field\">\n\t\t\t    <label class=\"control-label\" for=\"tb_u5oy460-contact-email\">\n\t\t\t\t\t\t\t\t\t\t<span class=\"tb-label-span\">Email <\/span><span class=\"required\">*<\/span>\t\t\t\t<\/label>\n\t\t\t    <div class=\"control-input tf_rel\">\n\t\t\t\t    \t\t\t\t\t    <input type=\"email\" name=\"contact-email\" placeholder=\"\" id=\"tb_u5oy460-contact-email\" value=\"\" class=\"form-control\" required>\n\t\t\t\t    \t\t\t\t    \t\t\t    <\/div>\n\t\t<\/div>\n\t    \n\t\t    \t\t    <div class=\"builder-contact-field builder-contact-field-subject builder-contact-text-field\">\n\t\t\t    <label class=\"control-label\" for=\"tb_u5oy460-contact-subject\">\n\t\t\t\t\t\t\t\t\t\t<span class=\"tb-label-span\">Subject <\/span><span class=\"required\">*<\/span>\t\t\t\t<\/label>\n\t\t\t    <div class=\"control-input tf_rel\">\n\t\t\t\t    \t\t\t\t\t    <input type=\"text\" name=\"contact-subject\" placeholder=\"\" id=\"tb_u5oy460-contact-subject\" value=\"\" class=\"form-control\" required>\n\t\t\t\t    \t\t\t\t    \t\t\t    <\/div>\n\t\t<\/div>\n\t    \n\t\t    \t\t    <div class=\"builder-contact-field builder-contact-field-message builder-contact-textarea-field\">\n\t\t\t    <label class=\"control-label\" for=\"tb_u5oy460-contact-message\">\n\t\t\t\t\t\t\t\t\t\t<span class=\"tb-label-span\">Message <\/span>\t\t\t\t<\/label>\n\t\t\t    <div class=\"control-input tf_rel\">\n\t\t\t\t    \t\t\t\t\t    <textarea name=\"contact-message\" placeholder=\"\" id=\"tb_u5oy460-contact-message\" class=\"form-control\"><\/textarea>\n\t\t\t\t    \t\t\t\t    \t\t\t    <\/div>\n\t\t<\/div>\n\t    \n\t\t    \t\t\n\t\t\n\t    \n\t    <div class=\"builder-contact-field builder-contact-field-send control-input tf_textc tf_clear tf_rel\">\n\t\t\t<button type=\"submit\" class=\"btn btn-primary\">\n\t\t\t\t<span class=\"tf_loader\"><\/span>\t\t\t\t<span class=\"tf_submit_icon\"><\/span> \n\t\t\t\tSend\t\t\t<\/button>\n\t    <\/div>\n\t<\/div>\n    <input type=\"hidden\" name=\"trp-form-language\" value=\"en\"\/><\/form>\n    <\/div>\n<!-- \/module contact -->\n        <\/div>\n                        <\/div>\n        <\/div>\n        <\/div>\n<!--\/themify_builder_content-->","protected":false},"excerpt":{"rendered":"<p>EDITORIAL<\/p>","protected":false},"author":1,"featured_media":0,"parent":0,"menu_order":0,"comment_status":"closed","ping_status":"closed","template":"","meta":{"footnotes":""},"class_list":["post-1657","page","type-page","status-publish","hentry","has-post-title","has-post-date","has-post-category","has-post-tag","has-post-comment","has-post-author",""],"builder_content":"<a href=\"\/wp\/home\"> <img src=\"https:\/\/www.dinamitapost.com\/wp\/wp-content\/uploads\/2020\/06\/DINAMITA-POST-casa-de-post-produccion-mexico-LOGO-blanco-175x144.png\" width=\"175\" height=\"144\" title=\"DINAMITA-POST-casa-de-post-produccion-mexico-LOGO-blanco\" alt=\"DINAMITA-POST-casa-de-post-produccion-mexico-LOGO-blanco\" srcset=\"https:\/\/www.dinamitapost.com\/wp\/wp-content\/uploads\/2020\/06\/DINAMITA-POST-casa-de-post-produccion-mexico-LOGO-blanco-175x144.png 175w, https:\/\/www.dinamitapost.com\/wp\/wp-content\/uploads\/2020\/06\/DINAMITA-POST-casa-de-post-produccion-mexico-LOGO-blanco-300x248.png 300w, https:\/\/www.dinamitapost.com\/wp\/wp-content\/uploads\/2020\/06\/DINAMITA-POST-casa-de-post-produccion-mexico-LOGO-blanco.png 707w\" sizes=\"(max-width: 175px) 100vw, 175px\" \/> <\/a>\n<h1 style=\"margin-bottom: 0;\">EDITORIAL<\/h1>\n<h3 style=\"text-align: center;\">La narrativa correcta, con las decisiones correctas<\/h3> <p>El Editorial House de Dinamita Post se conforma <b>por toda una estructura editorial que va desde el <em>Data Manager<\/em> hasta el <em>Head Editor<\/em>.<\/b> La buena colaboraci\u00f3n y flujo de informaci\u00f3n hacia los diferentes departamentos de PostProducci\u00f3n es uno de los elementos m\u00e1s importantes de nuestro modelo. La basta experiencia de nuestros editores ayuda a los guionistas, directores, show runners y productores ejecutivos a llegar al mejor corte y por ende transmitir la mejor versi\u00f3n de la historia a la audiencia.<\/p> <h3><img loading=\"lazy\" decoding=\"async\" src=\"https:\/\/www.dinamitapost.com\/wp\/wp-content\/uploads\/2020\/07\/dinamita-post-time-lapse-photo-of-railway-2622848-scaled-1-300x169.jpg\" alt=\"\" width=\"470\" height=\"264\" srcset=\"https:\/\/www.dinamitapost.com\/wp\/wp-content\/uploads\/2020\/07\/dinamita-post-time-lapse-photo-of-railway-2622848-scaled-1-300x169.jpg 300w, https:\/\/www.dinamitapost.com\/wp\/wp-content\/uploads\/2020\/07\/dinamita-post-time-lapse-photo-of-railway-2622848-scaled-1-1024x575.jpg 1024w, https:\/\/www.dinamitapost.com\/wp\/wp-content\/uploads\/2020\/07\/dinamita-post-time-lapse-photo-of-railway-2622848-scaled-1-768x431.jpg 768w, https:\/\/www.dinamitapost.com\/wp\/wp-content\/uploads\/2020\/07\/dinamita-post-time-lapse-photo-of-railway-2622848-scaled-1-1536x863.jpg 1536w, https:\/\/www.dinamitapost.com\/wp\/wp-content\/uploads\/2020\/07\/dinamita-post-time-lapse-photo-of-railway-2622848-scaled-1-2048x1150.jpg 2048w\" sizes=\"auto, (max-width: 470px) 100vw, 470px\" \/><\/h3>\n<a href=\"\/wp\/servicios\" > <em><svg aria-hidden=\"true\"><use href=\"#tf-ti-back-left\"><\/use><\/svg><\/em> Regresar a SERVICIOS <\/a>\n<a href=\"\/wp\/contacto\" > MAYORES INFORMES <\/a>\n<a href=\"\/wp\/servicios\" > <em><svg aria-hidden=\"true\"><use href=\"#tf-ti-back-left\"><\/use><\/svg><\/em> Regresar a SERVICIOS <\/a>\n<h3>Cotiza tu proyecto<\/h3> <form id=\"tb_u5oy460-form\" method=\"post\" data-post-id=\"0\" data-element-id=\"u5oy460\" data-orig-id=\"1657\" > <label for=\"tb_u5oy460-contact-name\"> Name * <\/label> <input type=\"text\" name=\"contact-name\" placeholder=\"\" id=\"tb_u5oy460-contact-name\" value=\"\" required> <label for=\"tb_u5oy460-contact-email\"> Email * <\/label> <input type=\"email\" name=\"contact-email\" placeholder=\"\" id=\"tb_u5oy460-contact-email\" value=\"\" required> <label for=\"tb_u5oy460-contact-subject\"> Subject * <\/label> <input type=\"text\" name=\"contact-subject\" placeholder=\"\" id=\"tb_u5oy460-contact-subject\" value=\"\" required> <label for=\"tb_u5oy460-contact-message\"> Message <\/label> <textarea name=\"contact-message\" placeholder=\"\" id=\"tb_u5oy460-contact-message\"><\/textarea> <button type=\"submit\"> Send <\/button> <\/form>","_links":{"self":[{"href":"https:\/\/www.dinamitapost.com\/en\/wp-json\/wp\/v2\/pages\/1657","targetHints":{"allow":["GET"]}}],"collection":[{"href":"https:\/\/www.dinamitapost.com\/en\/wp-json\/wp\/v2\/pages"}],"about":[{"href":"https:\/\/www.dinamitapost.com\/en\/wp-json\/wp\/v2\/types\/page"}],"author":[{"embeddable":true,"href":"https:\/\/www.dinamitapost.com\/en\/wp-json\/wp\/v2\/users\/1"}],"replies":[{"embeddable":true,"href":"https:\/\/www.dinamitapost.com\/en\/wp-json\/wp\/v2\/comments?post=1657"}],"version-history":[{"count":12,"href":"https:\/\/www.dinamitapost.com\/en\/wp-json\/wp\/v2\/pages\/1657\/revisions"}],"predecessor-version":[{"id":3220,"href":"https:\/\/www.dinamitapost.com\/en\/wp-json\/wp\/v2\/pages\/1657\/revisions\/3220"}],"wp:attachment":[{"href":"https:\/\/www.dinamitapost.com\/en\/wp-json\/wp\/v2\/media?parent=1657"}],"curies":[{"name":"wp","href":"https:\/\/api.w.org\/{rel}","templated":true}]}}