{"id":1669,"date":"2020-07-13T16:34:54","date_gmt":"2020-07-13T16:34:54","guid":{"rendered":"https:\/\/www.dinamitapost.com\/wp\/storage-copy\/"},"modified":"2023-03-13T05:15:06","modified_gmt":"2023-03-13T05:15:06","slug":"masterizacion","status":"publish","type":"page","link":"https:\/\/www.dinamitapost.com\/en\/masterizacion\/","title":{"rendered":"Mastering"},"content":{"rendered":"<!--themify_builder_content-->\n<div id=\"themify_builder_content-1669\" data-postid=\"1669\" class=\"themify_builder_content themify_builder_content-1669 themify_builder tf_clear\">\n                    <div  data-zoom-bg=\"desktop\" data-lazy=\"1\" class=\"module_row themify_builder_row tb_kq03939 tb_first tf_w\">\n            <span  class=\"builder_row_cover tf_abs\" data-lazy=\"1\"><\/span>            <div class=\"row_inner col_align_top tb_col_count_1 tf_box tf_rel\">\n                        <div  data-lazy=\"1\" class=\"module_column tb-column col-full tb_9xbb939 first\">\n                    <!-- module image -->\n<div  class=\"module module-image tb_u419940 image-top   tf_mw\" data-lazy=\"1\">\n        <div class=\"image-wrap tf_rel tf_mw\">\n            <a href=\"\/en\/wp\/home\/\">\n                   <img loading=\"lazy\" decoding=\"async\" src=\"https:\/\/www.dinamitapost.com\/wp\/wp-content\/uploads\/2020\/06\/DINAMITA-POST-casa-de-post-produccion-mexico-LOGO-blanco-175x144.png\" width=\"175\" height=\"144\" class=\"wp-post-image wp-image-56\" title=\"DINAMITA-POST-postproduction-house-in-mexico-white-LOGO\" alt=\"DINAMITA-POST-casa-de-post-produccion-mexico-LOGO-blanco\" srcset=\"https:\/\/www.dinamitapost.com\/wp\/wp-content\/uploads\/2020\/06\/DINAMITA-POST-casa-de-post-produccion-mexico-LOGO-blanco-175x144.png 175w, https:\/\/www.dinamitapost.com\/wp\/wp-content\/uploads\/2020\/06\/DINAMITA-POST-casa-de-post-produccion-mexico-LOGO-blanco-300x248.png 300w, https:\/\/www.dinamitapost.com\/wp\/wp-content\/uploads\/2020\/06\/DINAMITA-POST-casa-de-post-produccion-mexico-LOGO-blanco.png 707w\" sizes=\"auto, (max-width: 175px) 100vw, 175px\" \/>        <\/a>\n    \n        <\/div>\n    <!-- \/image-wrap -->\n    \n        <\/div>\n<!-- \/module image --><!-- module text -->\n<div  class=\"module module-text tb_uyx1131\" data-lazy=\"1\">\n        <div  class=\"tb_text_wrap\">\n        <h1 style=\"margin-bottom: 0;\">MASTERING<\/h1>    <\/div>\n<\/div>\n<!-- \/module text -->        <\/div>\n                        <\/div>\n        <\/div>\n                        <div  data-lazy=\"1\" class=\"module_row themify_builder_row tb_8opd939 tf_w\">\n                        <div class=\"row_inner col_align_top tb_col_count_1 tf_box tf_rel\">\n                        <div  data-lazy=\"1\" class=\"module_column tb-column col-full tb_k76e940 first\">\n                            <div  data-lazy=\"1\" class=\"module_subrow themify_builder_sub_row tf_w col_align_top tb_col_count_2 tb_gztb941\">\n                <div  data-lazy=\"1\" class=\"module_column sub_column col4-2 tb_0rgd942 first\">\n                    <!-- module text -->\n<div  class=\"module module-text tb_90jn907\" data-lazy=\"1\">\n        <div  class=\"tb_text_wrap\">\n        <h3 style=\"text-align: center;\">An essential process for the output and final delivery<\/h3>\n<p>At DINAMITA we handle all formats for <em>masters<\/em>mastering creation and generate an optimized package with the whole set of images, audio and subtitles. Moreover, the quality of our processes and the experience of our <em>Crew<\/em> crew ensure playback excellence and future remastering.<\/p>\n<h3><img loading=\"lazy\" decoding=\"async\" class=\"wp-image-1572  aligncenter\" src=\"https:\/\/www.dinamitapost.com\/wp\/wp-content\/uploads\/2020\/07\/dinamita-post-time-lapse-photo-of-railway-2622848-scaled-1-300x169.jpg\" alt=\"\" width=\"470\" height=\"265\" srcset=\"https:\/\/www.dinamitapost.com\/wp\/wp-content\/uploads\/2020\/07\/dinamita-post-time-lapse-photo-of-railway-2622848-scaled-1-300x169.jpg 300w, https:\/\/www.dinamitapost.com\/wp\/wp-content\/uploads\/2020\/07\/dinamita-post-time-lapse-photo-of-railway-2622848-scaled-1-1024x575.jpg 1024w, https:\/\/www.dinamitapost.com\/wp\/wp-content\/uploads\/2020\/07\/dinamita-post-time-lapse-photo-of-railway-2622848-scaled-1-768x431.jpg 768w, https:\/\/www.dinamitapost.com\/wp\/wp-content\/uploads\/2020\/07\/dinamita-post-time-lapse-photo-of-railway-2622848-scaled-1-1536x863.jpg 1536w, https:\/\/www.dinamitapost.com\/wp\/wp-content\/uploads\/2020\/07\/dinamita-post-time-lapse-photo-of-railway-2622848-scaled-1-2048x1150.jpg 2048w\" sizes=\"auto, (max-width: 470px) 100vw, 470px\" \/><\/h3>    <\/div>\n<\/div>\n<!-- \/module text --><!-- module buttons -->\n<div  class=\"module module-buttons tb_ceaz522 buttons-horizontal outline  hide-mobile large rounded\" data-lazy=\"1\">\n        <div class=\"module-buttons-item tf_in_flx\">\n                        <a href=\"\/en\/wp\/servicios\/\" class=\"ui builder_button tf_in_flx gray\" >\n                                    <em><svg  class=\"tf_fa tf-ti-back-left\" aria-hidden=\"true\"><use href=\"#tf-ti-back-left\"><\/use><\/svg><\/em>                                        Go back to SERVICES                                        <\/a>\n                <\/div>\n            <\/div>\n<!-- \/module buttons -->\n        <\/div>\n                    <div  data-lazy=\"1\" class=\"module_column sub_column col4-2 tb_46gd943 last\">\n                    <!-- module buttons -->\n<div  class=\"module module-buttons tb_kjur944 buttons-horizontal outline  xlarge rounded\" data-lazy=\"1\">\n        <div class=\"module-buttons-item tf_in_flx\">\n                        <a href=\"\/en\/wp\/contacto\/\" class=\"ui builder_button tf_in_flx black\" >\n                                                MORE INFORMATION                                        <\/a>\n                <\/div>\n            <\/div>\n<!-- \/module buttons -->\n<!-- module buttons -->\n<div  class=\"module module-buttons tb_anpk629 buttons-horizontal outline  hide-desktop hide-tablet hide-tablet_landscape large rounded\" data-lazy=\"1\">\n        <div class=\"module-buttons-item tf_in_flx\">\n                        <a href=\"\/en\/wp\/servicios\/\" class=\"ui builder_button tf_in_flx gray\" >\n                                    <em><svg  class=\"tf_fa tf-ti-back-left\" aria-hidden=\"true\"><use href=\"#tf-ti-back-left\"><\/use><\/svg><\/em>                                        Go back to SERVICES                                        <\/a>\n                <\/div>\n            <\/div>\n<!-- \/module buttons -->\n        <\/div>\n                    <\/div>\n                <\/div>\n                        <\/div>\n        <\/div>\n        <\/div>\n<!--\/themify_builder_content-->","protected":false},"excerpt":{"rendered":"<p>MASTERING<\/p>","protected":false},"author":1,"featured_media":0,"parent":0,"menu_order":0,"comment_status":"closed","ping_status":"closed","template":"","meta":{"footnotes":""},"class_list":["post-1669","page","type-page","status-publish","hentry","has-post-title","has-post-date","has-post-category","has-post-tag","has-post-comment","has-post-author",""],"builder_content":"<a href=\"\/wp\/home\"> <img src=\"https:\/\/www.dinamitapost.com\/wp\/wp-content\/uploads\/2020\/06\/DINAMITA-POST-casa-de-post-produccion-mexico-LOGO-blanco-175x144.png\" width=\"175\" height=\"144\" title=\"DINAMITA-POST-casa-de-post-produccion-mexico-LOGO-blanco\" alt=\"DINAMITA-POST-casa-de-post-produccion-mexico-LOGO-blanco\" srcset=\"https:\/\/www.dinamitapost.com\/wp\/wp-content\/uploads\/2020\/06\/DINAMITA-POST-casa-de-post-produccion-mexico-LOGO-blanco-175x144.png 175w, https:\/\/www.dinamitapost.com\/wp\/wp-content\/uploads\/2020\/06\/DINAMITA-POST-casa-de-post-produccion-mexico-LOGO-blanco-300x248.png 300w, https:\/\/www.dinamitapost.com\/wp\/wp-content\/uploads\/2020\/06\/DINAMITA-POST-casa-de-post-produccion-mexico-LOGO-blanco.png 707w\" sizes=\"(max-width: 175px) 100vw, 175px\" \/> <\/a>\n<h1 style=\"margin-bottom: 0;\">MASTERIZACI\u00d3N<\/h1>\n<h3 style=\"text-align: center;\">Proceso esencial para la salida y entrega final<\/h3> <p>En DINAMITA dominamos todos los formatos para el proceso de creaci\u00f3n de <em>masters<\/em>, generando un paquete optimizado con todo el conjunto de im\u00e1genes, audio y subt\u00edtulos. Adem\u00e1s, la calidad de nuestros procesos y la experiencia de nuestro <em>Crew<\/em> permite asegurar la calidad de reproducci\u00f3n y de remasterizaciones futuras.<\/p> <h3><img loading=\"lazy\" decoding=\"async\" src=\"https:\/\/www.dinamitapost.com\/wp\/wp-content\/uploads\/2020\/07\/dinamita-post-time-lapse-photo-of-railway-2622848-scaled-1-300x169.jpg\" alt=\"\" width=\"470\" height=\"265\" srcset=\"https:\/\/www.dinamitapost.com\/wp\/wp-content\/uploads\/2020\/07\/dinamita-post-time-lapse-photo-of-railway-2622848-scaled-1-300x169.jpg 300w, https:\/\/www.dinamitapost.com\/wp\/wp-content\/uploads\/2020\/07\/dinamita-post-time-lapse-photo-of-railway-2622848-scaled-1-1024x575.jpg 1024w, https:\/\/www.dinamitapost.com\/wp\/wp-content\/uploads\/2020\/07\/dinamita-post-time-lapse-photo-of-railway-2622848-scaled-1-768x431.jpg 768w, https:\/\/www.dinamitapost.com\/wp\/wp-content\/uploads\/2020\/07\/dinamita-post-time-lapse-photo-of-railway-2622848-scaled-1-1536x863.jpg 1536w, https:\/\/www.dinamitapost.com\/wp\/wp-content\/uploads\/2020\/07\/dinamita-post-time-lapse-photo-of-railway-2622848-scaled-1-2048x1150.jpg 2048w\" sizes=\"auto, (max-width: 470px) 100vw, 470px\" \/><\/h3>\n<a href=\"\/wp\/servicios\" > <em><svg aria-hidden=\"true\"><use href=\"#tf-ti-back-left\"><\/use><\/svg><\/em> Regresar a SERVICIOS <\/a>\n<a href=\"\/wp\/contacto\" > MAYORES INFORMES <\/a>\n<a href=\"\/wp\/servicios\" > <em><svg aria-hidden=\"true\"><use href=\"#tf-ti-back-left\"><\/use><\/svg><\/em> Regresar a SERVICIOS <\/a>","_links":{"self":[{"href":"https:\/\/www.dinamitapost.com\/en\/wp-json\/wp\/v2\/pages\/1669","targetHints":{"allow":["GET"]}}],"collection":[{"href":"https:\/\/www.dinamitapost.com\/en\/wp-json\/wp\/v2\/pages"}],"about":[{"href":"https:\/\/www.dinamitapost.com\/en\/wp-json\/wp\/v2\/types\/page"}],"author":[{"embeddable":true,"href":"https:\/\/www.dinamitapost.com\/en\/wp-json\/wp\/v2\/users\/1"}],"replies":[{"embeddable":true,"href":"https:\/\/www.dinamitapost.com\/en\/wp-json\/wp\/v2\/comments?post=1669"}],"version-history":[{"count":11,"href":"https:\/\/www.dinamitapost.com\/en\/wp-json\/wp\/v2\/pages\/1669\/revisions"}],"predecessor-version":[{"id":3018,"href":"https:\/\/www.dinamitapost.com\/en\/wp-json\/wp\/v2\/pages\/1669\/revisions\/3018"}],"wp:attachment":[{"href":"https:\/\/www.dinamitapost.com\/en\/wp-json\/wp\/v2\/media?parent=1669"}],"curies":[{"name":"wp","href":"https:\/\/api.w.org\/{rel}","templated":true}]}}