{"id":1681,"date":"2020-07-13T16:36:15","date_gmt":"2020-07-13T16:36:15","guid":{"rendered":"https:\/\/www.dinamitapost.com\/wp\/online-copy\/"},"modified":"2023-03-13T05:19:40","modified_gmt":"2023-03-13T05:19:40","slug":"quality-check","status":"publish","type":"page","link":"https:\/\/www.dinamitapost.com\/en\/quality-check\/","title":{"rendered":"Quality Check"},"content":{"rendered":"<!--themify_builder_content-->\n<div id=\"themify_builder_content-1681\" data-postid=\"1681\" class=\"themify_builder_content themify_builder_content-1681 themify_builder tf_clear\">\n                    <div  data-zoom-bg=\"desktop\" data-lazy=\"1\" class=\"module_row themify_builder_row tb_tbwp227 tb_first tf_w\">\n            <span  class=\"builder_row_cover tf_abs\" data-lazy=\"1\"><\/span>            <div class=\"row_inner col_align_top tb_col_count_1 tf_box tf_rel\">\n                        <div  data-lazy=\"1\" class=\"module_column tb-column col-full tb_4v6l229 first\">\n                    <!-- module image -->\n<div  class=\"module module-image tb_ojav230 image-top   tf_mw\" data-lazy=\"1\">\n        <div class=\"image-wrap tf_rel tf_mw\">\n            <a href=\"\/en\/wp\/home\/\">\n                   <img loading=\"lazy\" decoding=\"async\" src=\"https:\/\/www.dinamitapost.com\/wp\/wp-content\/uploads\/2020\/06\/DINAMITA-POST-casa-de-post-produccion-mexico-LOGO-blanco-175x144.png\" width=\"175\" height=\"144\" class=\"wp-post-image wp-image-56\" title=\"DINAMITA-POST-postproduction-house-in-mexico-white-LOGO\" alt=\"DINAMITA-POST-casa-de-post-produccion-mexico-LOGO-blanco\" srcset=\"https:\/\/www.dinamitapost.com\/wp\/wp-content\/uploads\/2020\/06\/DINAMITA-POST-casa-de-post-produccion-mexico-LOGO-blanco-175x144.png 175w, https:\/\/www.dinamitapost.com\/wp\/wp-content\/uploads\/2020\/06\/DINAMITA-POST-casa-de-post-produccion-mexico-LOGO-blanco-300x248.png 300w, https:\/\/www.dinamitapost.com\/wp\/wp-content\/uploads\/2020\/06\/DINAMITA-POST-casa-de-post-produccion-mexico-LOGO-blanco.png 707w\" sizes=\"auto, (max-width: 175px) 100vw, 175px\" \/>        <\/a>\n    \n        <\/div>\n    <!-- \/image-wrap -->\n    \n        <\/div>\n<!-- \/module image --><!-- module text -->\n<div  class=\"module module-text tb_ktwz449\" data-lazy=\"1\">\n        <div  class=\"tb_text_wrap\">\n        <h1 style=\"margin-bottom: 0;\">QUALITY CHECK<\/h1>    <\/div>\n<\/div>\n<!-- \/module text -->        <\/div>\n                        <\/div>\n        <\/div>\n                        <div  data-lazy=\"1\" class=\"module_row themify_builder_row tb_4h17543 tf_w\">\n                        <div class=\"row_inner col_align_top tb_col_count_1 tf_box tf_rel\">\n                        <div  data-lazy=\"1\" class=\"module_column tb-column col-full tb_gsm7544 first\">\n                            <div  data-lazy=\"1\" class=\"module_subrow themify_builder_sub_row tf_w col_align_top tb_col_count_2 tb_uujh545\">\n                <div  data-lazy=\"1\" class=\"module_column sub_column col4-2 tb_5a1x546 first\">\n                    <!-- module text -->\n<div  class=\"module module-text tb_tejw221\" data-lazy=\"1\">\n        <div  class=\"tb_text_wrap\">\n        <h2 style=\"text-align: center;\">Quality<br \/>is in the details<\/h2>\n<p>The comprehensive quality control work of DINAMITA POST makes possible to detect and correct errors in images such as dead pixels, incongruent frame speed, etc. and in sound through glitch detection, unnecessary sound gaps, loudness check, and more.<\/p>\n<p>We place special attention on quality check and graphic finshing touches.<\/p>\n<h3><img loading=\"lazy\" decoding=\"async\" class=\"wp-image-1572  aligncenter\" src=\"https:\/\/www.dinamitapost.com\/wp\/wp-content\/uploads\/2020\/07\/dinamita-post-time-lapse-photo-of-railway-2622848-scaled-1-300x169.jpg\" alt=\"\" width=\"472\" height=\"266\" srcset=\"https:\/\/www.dinamitapost.com\/wp\/wp-content\/uploads\/2020\/07\/dinamita-post-time-lapse-photo-of-railway-2622848-scaled-1-300x169.jpg 300w, https:\/\/www.dinamitapost.com\/wp\/wp-content\/uploads\/2020\/07\/dinamita-post-time-lapse-photo-of-railway-2622848-scaled-1-1024x575.jpg 1024w, https:\/\/www.dinamitapost.com\/wp\/wp-content\/uploads\/2020\/07\/dinamita-post-time-lapse-photo-of-railway-2622848-scaled-1-768x431.jpg 768w, https:\/\/www.dinamitapost.com\/wp\/wp-content\/uploads\/2020\/07\/dinamita-post-time-lapse-photo-of-railway-2622848-scaled-1-1536x863.jpg 1536w, https:\/\/www.dinamitapost.com\/wp\/wp-content\/uploads\/2020\/07\/dinamita-post-time-lapse-photo-of-railway-2622848-scaled-1-2048x1150.jpg 2048w\" sizes=\"auto, (max-width: 472px) 100vw, 472px\" \/><\/h3>    <\/div>\n<\/div>\n<!-- \/module text --><!-- module buttons -->\n<div  class=\"module module-buttons tb_wskh506 buttons-horizontal outline  hide-mobile large rounded\" data-lazy=\"1\">\n        <div class=\"module-buttons-item tf_in_flx\">\n                        <a href=\"\/en\/wp\/servicios\/\" class=\"ui builder_button tf_in_flx gray\" >\n                                    <em><svg  class=\"tf_fa tf-ti-back-left\" aria-hidden=\"true\"><use href=\"#tf-ti-back-left\"><\/use><\/svg><\/em>                                        Go back to SERVICES                                        <\/a>\n                <\/div>\n            <\/div>\n<!-- \/module buttons -->\n        <\/div>\n                    <div  data-lazy=\"1\" class=\"module_column sub_column col4-2 tb_5gns548 last\">\n                    <!-- module buttons -->\n<div  class=\"module module-buttons tb_1cmu549 buttons-horizontal outline  xlarge rounded\" data-lazy=\"1\">\n        <div class=\"module-buttons-item tf_in_flx\">\n                        <a href=\"\/en\/wp\/contacto\/\" class=\"ui builder_button tf_in_flx black\" >\n                                                MORE INFORMATION                                        <\/a>\n                <\/div>\n            <\/div>\n<!-- \/module buttons -->\n<!-- module buttons -->\n<div  class=\"module module-buttons tb_zlpn159 buttons-horizontal outline  hide-desktop hide-tablet hide-tablet_landscape large rounded\" data-lazy=\"1\">\n        <div class=\"module-buttons-item tf_in_flx\">\n                        <a href=\"\/en\/wp\/servicios\/\" class=\"ui builder_button tf_in_flx gray\" >\n                                    <em><svg  class=\"tf_fa tf-ti-back-left\" aria-hidden=\"true\"><use href=\"#tf-ti-back-left\"><\/use><\/svg><\/em>                                        Go back to SERVICES                                        <\/a>\n                <\/div>\n            <\/div>\n<!-- \/module buttons -->\n        <\/div>\n                    <\/div>\n                <\/div>\n                        <\/div>\n        <\/div>\n        <\/div>\n<!--\/themify_builder_content-->","protected":false},"excerpt":{"rendered":"<p>QUALITY CHECK<\/p>","protected":false},"author":1,"featured_media":0,"parent":0,"menu_order":0,"comment_status":"closed","ping_status":"closed","template":"","meta":{"footnotes":""},"class_list":["post-1681","page","type-page","status-publish","hentry","has-post-title","has-post-date","has-post-category","has-post-tag","has-post-comment","has-post-author",""],"builder_content":"<a href=\"\/wp\/home\"> <img src=\"https:\/\/www.dinamitapost.com\/wp\/wp-content\/uploads\/2020\/06\/DINAMITA-POST-casa-de-post-produccion-mexico-LOGO-blanco-175x144.png\" width=\"175\" height=\"144\" title=\"DINAMITA-POST-casa-de-post-produccion-mexico-LOGO-blanco\" alt=\"DINAMITA-POST-casa-de-post-produccion-mexico-LOGO-blanco\" srcset=\"https:\/\/www.dinamitapost.com\/wp\/wp-content\/uploads\/2020\/06\/DINAMITA-POST-casa-de-post-produccion-mexico-LOGO-blanco-175x144.png 175w, https:\/\/www.dinamitapost.com\/wp\/wp-content\/uploads\/2020\/06\/DINAMITA-POST-casa-de-post-produccion-mexico-LOGO-blanco-300x248.png 300w, https:\/\/www.dinamitapost.com\/wp\/wp-content\/uploads\/2020\/06\/DINAMITA-POST-casa-de-post-produccion-mexico-LOGO-blanco.png 707w\" sizes=\"(max-width: 175px) 100vw, 175px\" \/> <\/a>\n<h1 style=\"margin-bottom: 0;\">QUALITY CHECK<\/h1>\n<h2 style=\"text-align: center;\">La Calidad<br \/>radica en los detalles<\/h2> <p>El exhaustivo trabajo en control de calidad de DINAMITA POST permite detectar y corregir errores; por ejemplo en imagen: pixeles muertos, flicker, moare, incongruencia de velocidad de fotogramas, etc. y en audio: detecci\u00f3n de gleetches, gaps de audio innecesarios, verificaci\u00f3n de loudness en la norma correcta, etc.<\/p> <p>Tambi\u00e9n ponemos especial cuidado en la revisi\u00f3n de calidad y acabado de todos los gr\u00e1ficos.<\/p> <h3><img loading=\"lazy\" decoding=\"async\" src=\"https:\/\/www.dinamitapost.com\/wp\/wp-content\/uploads\/2020\/07\/dinamita-post-time-lapse-photo-of-railway-2622848-scaled-1-300x169.jpg\" alt=\"\" width=\"472\" height=\"266\" srcset=\"https:\/\/www.dinamitapost.com\/wp\/wp-content\/uploads\/2020\/07\/dinamita-post-time-lapse-photo-of-railway-2622848-scaled-1-300x169.jpg 300w, https:\/\/www.dinamitapost.com\/wp\/wp-content\/uploads\/2020\/07\/dinamita-post-time-lapse-photo-of-railway-2622848-scaled-1-1024x575.jpg 1024w, https:\/\/www.dinamitapost.com\/wp\/wp-content\/uploads\/2020\/07\/dinamita-post-time-lapse-photo-of-railway-2622848-scaled-1-768x431.jpg 768w, https:\/\/www.dinamitapost.com\/wp\/wp-content\/uploads\/2020\/07\/dinamita-post-time-lapse-photo-of-railway-2622848-scaled-1-1536x863.jpg 1536w, https:\/\/www.dinamitapost.com\/wp\/wp-content\/uploads\/2020\/07\/dinamita-post-time-lapse-photo-of-railway-2622848-scaled-1-2048x1150.jpg 2048w\" sizes=\"auto, (max-width: 472px) 100vw, 472px\" \/><\/h3>\n<a href=\"\/wp\/servicios\" > <em><svg aria-hidden=\"true\"><use href=\"#tf-ti-back-left\"><\/use><\/svg><\/em> Regresar a SERVICIOS <\/a>\n<a href=\"\/wp\/contacto\" > MAYORES INFORMES <\/a>\n<a href=\"\/wp\/servicios\" > <em><svg aria-hidden=\"true\"><use href=\"#tf-ti-back-left\"><\/use><\/svg><\/em> Regresar a SERVICIOS <\/a>","_links":{"self":[{"href":"https:\/\/www.dinamitapost.com\/en\/wp-json\/wp\/v2\/pages\/1681","targetHints":{"allow":["GET"]}}],"collection":[{"href":"https:\/\/www.dinamitapost.com\/en\/wp-json\/wp\/v2\/pages"}],"about":[{"href":"https:\/\/www.dinamitapost.com\/en\/wp-json\/wp\/v2\/types\/page"}],"author":[{"embeddable":true,"href":"https:\/\/www.dinamitapost.com\/en\/wp-json\/wp\/v2\/users\/1"}],"replies":[{"embeddable":true,"href":"https:\/\/www.dinamitapost.com\/en\/wp-json\/wp\/v2\/comments?post=1681"}],"version-history":[{"count":7,"href":"https:\/\/www.dinamitapost.com\/en\/wp-json\/wp\/v2\/pages\/1681\/revisions"}],"predecessor-version":[{"id":3025,"href":"https:\/\/www.dinamitapost.com\/en\/wp-json\/wp\/v2\/pages\/1681\/revisions\/3025"}],"wp:attachment":[{"href":"https:\/\/www.dinamitapost.com\/en\/wp-json\/wp\/v2\/media?parent=1681"}],"curies":[{"name":"wp","href":"https:\/\/api.w.org\/{rel}","templated":true}]}}