{"id":1703,"date":"2020-07-13T22:02:40","date_gmt":"2020-07-13T22:02:40","guid":{"rendered":"https:\/\/www.dinamitapost.com\/wp\/dinamita-copy\/"},"modified":"2021-02-02T00:06:31","modified_gmt":"2021-02-02T00:06:31","slug":"nuestro-modelo","status":"publish","type":"page","link":"https:\/\/www.dinamitapost.com\/en\/nuestro-modelo\/","title":{"rendered":"Nuestro Modelo"},"content":{"rendered":"<!--themify_builder_content-->\n<div id=\"themify_builder_content-1703\" data-postid=\"1703\" class=\"themify_builder_content themify_builder_content-1703 themify_builder tf_clear\">\n                    <div  data-zoom-bg=\"desktop\" data-lazy=\"1\" class=\"module_row themify_builder_row tb_wuiv050 tb_first tf_w\">\n            <span  class=\"builder_row_cover tf_abs\" data-lazy=\"1\"><\/span>            <div class=\"row_inner col_align_top tb_col_count_1 tf_box tf_rel\">\n                        <div  data-lazy=\"1\" class=\"module_column tb-column col-full tb_amf9425 first\">\n                    <!-- module image -->\n<div  class=\"module module-image tb_by1w055 image-top   tf_mw\" data-lazy=\"1\">\n        <div class=\"image-wrap tf_rel tf_mw\">\n            <a href=\"\/en\/wp\/home\/\">\n                   <img loading=\"lazy\" decoding=\"async\" src=\"https:\/\/www.dinamitapost.com\/wp\/wp-content\/uploads\/2020\/06\/DINAMITA-POST-casa-de-post-produccion-mexico-LOGO-blanco-175x144.png\" width=\"175\" height=\"144\" class=\"wp-post-image wp-image-56\" title=\"DINAMITA-POST-postproduction-house-in-mexico-white-LOGO\" alt=\"DINAMITA-POST-casa-de-post-produccion-mexico-LOGO-blanco\" srcset=\"https:\/\/www.dinamitapost.com\/wp\/wp-content\/uploads\/2020\/06\/DINAMITA-POST-casa-de-post-produccion-mexico-LOGO-blanco-175x144.png 175w, https:\/\/www.dinamitapost.com\/wp\/wp-content\/uploads\/2020\/06\/DINAMITA-POST-casa-de-post-produccion-mexico-LOGO-blanco-300x248.png 300w, https:\/\/www.dinamitapost.com\/wp\/wp-content\/uploads\/2020\/06\/DINAMITA-POST-casa-de-post-produccion-mexico-LOGO-blanco.png 707w\" sizes=\"auto, (max-width: 175px) 100vw, 175px\" \/>        <\/a>\n    \n        <\/div>\n    <!-- \/image-wrap -->\n    \n        <\/div>\n<!-- \/module image --><!-- module text -->\n<div  class=\"module module-text tb_49nh000\" data-lazy=\"1\">\n        <div  class=\"tb_text_wrap\">\n        <h1 style=\"margin-bottom: 0;\">OUR MODEL<\/h1>\n<h5>Efficiency from planning to final delivery<\/h5>    <\/div>\n<\/div>\n<!-- \/module text -->        <\/div>\n                        <\/div>\n        <\/div>\n                        <div  data-lazy=\"1\" class=\"module_row themify_builder_row tb_gh8z445 tf_w\">\n                        <div class=\"row_inner col_align_top tb_col_count_1 tf_box tf_rel\">\n                        <div  data-lazy=\"1\" class=\"module_column tb-column col-full tb_uqfg005 first\">\n                    <!-- module fancy heading -->\n<div  class=\"module module-fancy-heading tb_0ky118\" data-lazy=\"1\">\n        <h1 class=\"fancy-heading tf_textc\">\n    <span class=\"main-head tf_block\">\n                    LEAN POSTPRODUCTION\u00a9            <\/span>\n\n    \n    <span class=\"sub-head tf_block tf_rel\">\n                                <\/span>\n    <\/h1>\n<\/div>\n<!-- \/module fancy heading -->\n<!-- module text -->\n<div  class=\"module module-text tb_xdnp503\" data-lazy=\"1\">\n        <div  class=\"tb_text_wrap\">\n        <h2>We optimize times and budgets<\/h2>\n<p style=\"text-align: left;\"><strong>LEAN POSTPRODUCTION<\/strong>\u00a9 (LPP) is DINAMITA POST's proprietary methodology. This agile, light, innovative and flexible methodology optimizes time and budgets to the maximum.<\/p>\n<p style=\"text-align: left;\">It is based on industry's best practices but especially on the <em>know how<\/em> of our experienced <em>Crew<\/em>Dinamita Post's team, made up of specialists in every area. Our LPP\u00a9 model makes it possible to optimize every post-production process <strong>through pre-production, communication, and planning <\/strong>. This is how we achieve maximum efficiency in technical processes <strong>and provide greater room for the creative proccess.<\/strong><\/p>\n<p style=\"text-align: left;\"><strong><em>In broad terms,<\/em> our model consists of 3 main axis:<\/strong><\/p>    <\/div>\n<\/div>\n<!-- \/module text -->        <div  data-lazy=\"1\" class=\"module_subrow themify_builder_sub_row tf_w col_align_top tb_col_count_3 tb_28yc045\">\n                <div  data-lazy=\"1\" class=\"module_column sub_column col3-1 tb_23za063 first\">\n                    <!-- module text -->\n<div  class=\"module module-text tb_jlyu543\" data-lazy=\"1\">\n        <div  class=\"tb_text_wrap\">\n        <h3 style=\"text-align: center;\">Planning<\/h3>\n<h5 style=\"text-align: center;\"><strong>Post-production starts with pre-production<\/strong><\/h5>\n<p>Communication with all departments is crucial to look after the final result.<\/p>\n<p>The project's technical especifications and needs are assessed at the pre-production stage. <span style=\"text-decoration: underline;\">. It is there where we get the \"magic\" behind our results.<\/span><\/p>    <\/div>\n<\/div>\n<!-- \/module text -->        <\/div>\n                    <div  data-lazy=\"1\" class=\"module_column sub_column col3-1 tb_ctdr330\">\n                    <!-- module text -->\n<div  class=\"module module-text tb_8mnc444\" data-lazy=\"1\">\n        <div  class=\"tb_text_wrap\">\n        <h3 style=\"text-align: center;\">Centralization<\/h3>\n<h5 style=\"text-align: center;\"><strong>Availability and accessibility are key<br \/><\/strong><\/h5>\n<p>All material is stored in a SAN, which is only distributed to the corresponding departments and staff. Information about timings, budgets, and client relatioship is made through one channel. <span style=\"text-decoration: underline;\">This ensures order and safety.<\/span><\/p>    <\/div>\n<\/div>\n<!-- \/module text -->        <\/div>\n                    <div  data-lazy=\"1\" class=\"module_column sub_column col3-1 tb_hya667 last\">\n                    <!-- module text -->\n<div  class=\"module module-text tb_68jr69\" data-lazy=\"1\">\n        <div  class=\"tb_text_wrap\">\n        <h3 style=\"text-align: center;\">Flexibility<\/h3>\n<h5 style=\"text-align: center;\"><b>Unique projects demand flexible protocols<br \/><\/b><\/h5>\n<p>After 32 years and a great number of world-class projects, we learned that there are no 2 projects alike.<\/p>\n<p>For this reason, protocols outlined at DINAMITA are implemented <span style=\"text-decoration: underline;\">according to project's and client's needs.<\/span><\/p>    <\/div>\n<\/div>\n<!-- \/module text -->        <\/div>\n                    <\/div>\n                <\/div>\n                        <\/div>\n        <\/div>\n                        <div  data-lazy=\"1\" class=\"module_row themify_builder_row tb_o52y1 tf_w\">\n                        <div class=\"row_inner col_align_top tb_col_count_1 tf_box tf_rel\">\n                        <div  data-lazy=\"1\" class=\"module_column tb-column col-full tb_w5cb3 first\">\n                    <!-- module text -->\n<div  class=\"module module-text tb_gvjd490\" data-lazy=\"1\">\n        <div  class=\"tb_text_wrap\">\n        <h5><strong>Relentless organization + clear budget = world-class quality<\/strong><\/h5>\n<p style=\"text-align: left;\">In order to achieve a balance between technical efficiency and available resources, we designed a <em>workflow<\/em> for each project based on protocols established beforehand.\u00a0<\/p>\n<p style=\"text-align: left;\"><strong>LEAN POSTPRODUCTION\u00a9 is our<\/strong> <strong>integral, centralized, efficient and flexible model.<\/strong> It goes far beyond renting a studio or hiring an operator. LPP is committed to the message, quality, and budget. In order to accomplish that, it follows a specific methodology.<\/p>\n<p>\u00a0<\/p>    <\/div>\n<\/div>\n<!-- \/module text -->        <\/div>\n                        <\/div>\n        <\/div>\n                        <div  data-zoom-bg=\"desktop\" data-lazy=\"1\" class=\"module_row themify_builder_row tb_d1vj977 tf_w\">\n                        <div class=\"row_inner col_align_top tb_col_count_1 tf_box tf_rel\">\n                        <div  data-lazy=\"1\" class=\"module_column tb-column col-full tb_xe1n978 first\">\n                    <!-- module text -->\n<div  class=\"module module-text tb_7lhi737\" data-lazy=\"1\">\n        <div  class=\"tb_text_wrap\">\n        <h2>Let's chat about your next project!<\/h2>    <\/div>\n<\/div>\n<!-- \/module text --><!-- module buttons -->\n<div  class=\"module module-buttons tb_2vsw979 buttons-horizontal outline  squared\" data-lazy=\"1\">\n        <div class=\"module-buttons-item tf_in_flx\">\n                        <a href=\"\/en\/wp\/contacto\/\" class=\"ui builder_button tf_in_flx tb_default_color\" >\n                                                Contact us                                        <\/a>\n                <\/div>\n            <\/div>\n<!-- \/module buttons -->\n        <\/div>\n                        <\/div>\n        <\/div>\n        <\/div>\n<!--\/themify_builder_content-->","protected":false},"excerpt":{"rendered":"<p>NUESTRO MODELO Eficiencia desde la planeaci\u00f3n hasta la entrega final<\/p>","protected":false},"author":1,"featured_media":0,"parent":0,"menu_order":0,"comment_status":"closed","ping_status":"closed","template":"","meta":{"footnotes":""},"class_list":["post-1703","page","type-page","status-publish","hentry","has-post-title","has-post-date","has-post-category","has-post-tag","has-post-comment","has-post-author",""],"builder_content":"<a href=\"\/wp\/home\"> <img src=\"https:\/\/www.dinamitapost.com\/wp\/wp-content\/uploads\/2020\/06\/DINAMITA-POST-casa-de-post-produccion-mexico-LOGO-blanco-175x144.png\" width=\"175\" height=\"144\" title=\"DINAMITA-POST-casa-de-post-produccion-mexico-LOGO-blanco\" alt=\"DINAMITA-POST-casa-de-post-produccion-mexico-LOGO-blanco\" srcset=\"https:\/\/www.dinamitapost.com\/wp\/wp-content\/uploads\/2020\/06\/DINAMITA-POST-casa-de-post-produccion-mexico-LOGO-blanco-175x144.png 175w, https:\/\/www.dinamitapost.com\/wp\/wp-content\/uploads\/2020\/06\/DINAMITA-POST-casa-de-post-produccion-mexico-LOGO-blanco-300x248.png 300w, https:\/\/www.dinamitapost.com\/wp\/wp-content\/uploads\/2020\/06\/DINAMITA-POST-casa-de-post-produccion-mexico-LOGO-blanco.png 707w\" sizes=\"(max-width: 175px) 100vw, 175px\" \/> <\/a>\n<h1 style=\"margin-bottom: 0;\">NUESTRO MODELO<\/h1> <h5>Eficiencia desde la planeaci\u00f3n hasta la entrega final<\/h5>\n<h1>LEAN POSTPRODUCTION\u00a9<br\/><\/h1>\n<h2>Optimizamos tiempos y presupuesto<\/h2> <p style=\"text-align: left;\"><strong>LEAN POSTPRODUCTION<\/strong>\u00a9 (LPP) es la metodolog\u00eda propietaria de DINAMITA POST. Dicha metodolog\u00eda es \u00e1gil, ligera, innovadora y flexible que optimiza al m\u00e1ximo tiempos y presupuestos.<\/p> <p style=\"text-align: left;\">Basado en las mejores pr\u00e1cticas de la industria --pero en especial con base en el <em>know how<\/em> de nuestro experimentado <em>Crew<\/em>-- nuestro modelo LPP\u00a9 permite eficientar todos los procesos de la PostProducci\u00f3n <strong>a trav\u00e9s de la comunicaci\u00f3n y la planeaci\u00f3n en la preproducci\u00f3n, <\/strong>para con ello lograr la m\u00e1xima eficiencia en los procesos t\u00e9cnicos <strong>y darle as\u00ed mayor espacio a los procesos creativos.<\/strong><\/p> <p style=\"text-align: left;\"><strong><em>Grosso modo,<\/em> nuestro modelo tiene 3 ejes principales:<\/strong><\/p>\n<h3 style=\"text-align: center;\">Planeaci\u00f3n<\/h3> <h5 style=\"text-align: center;\"><strong>La postproducci\u00f3n realmente inicia en la preproducci\u00f3n<\/strong><\/h5> <p>La comunicaci\u00f3n con todos los departamentos es vital para cuidar a cada momento el resultado final.<\/p> <p>Es en la preproducci\u00f3n donde se eval\u00faan las especificaciones y necesidades t\u00e9cnicas del proyecto y es donde logramos la \"magia\" detr\u00e1s de nuestros resultados.<\/p>\n<h3 style=\"text-align: center;\">Centralizaci\u00f3n<\/h3> <h5 style=\"text-align: center;\"><strong>La disponibilidad y accesibilidad es esencial<br \/><\/strong><\/h5> <p>Todo el material debe estar siempre consolidado en un SAN del cual se distribuye a los departamentos y staff involucrado solamente lo que les corresponde. As\u00ed mismo la informaci\u00f3n de tiempos, presupuestos y relaci\u00f3n con el cliente se hace a trav\u00e9s de un solo canal. Esto nos garantiza orden y seguridad.<\/p>\n<h3 style=\"text-align: center;\">Flexibilidad<\/h3> <h5 style=\"text-align: center;\"><b>Proyectos \u00fanicos requieren protocolos flexibles<br \/><\/b><\/h5> <p>Despu\u00e9s de 32 a\u00f1os y m\u00faltiples proyectos de talla internacional, la experiencia nos ense\u00f1a que no existen 2 proyectos iguales.<\/p> <p>Es por ello que en DINAMITA los protocolos que definimos se ejecutan de acuerdo a las necesidades de cada proyecto e incluso de cada cliente.<\/p>\n<h5><strong>Orden + certeza presupuestal = calidad internacional<\/strong><\/h5> <p style=\"text-align: left;\">A partir de protocolos preestablecidos dise\u00f1amos un <em>workflow<\/em> particular para cada proyecto para lograr el equilibrio entre eficiencia t\u00e9cnica y recursos disponibles.\u00a0<\/p> <p style=\"text-align: left;\"><strong>LEAN POSTPRODUCTION\u00a9 es<\/strong> <strong>integral, centralizada, eficiente y flexible.<\/strong> Va m\u00e1s all\u00e1 de rentar una sala o contratar un operador. LPP est\u00e1 comprometida con el mensaje, la calidad y el presupuesto, siguiendo una metodolog\u00eda espec\u00edfica para lograrlo.<\/p> <p>\u00a0<\/p>\n<h2>\u00a1Hablemos de tu pr\u00f3ximo proyecto!<\/h2>\n<a href=\"\/wp\/contacto\" > Cont\u00e1ctanos <\/a>","_links":{"self":[{"href":"https:\/\/www.dinamitapost.com\/en\/wp-json\/wp\/v2\/pages\/1703","targetHints":{"allow":["GET"]}}],"collection":[{"href":"https:\/\/www.dinamitapost.com\/en\/wp-json\/wp\/v2\/pages"}],"about":[{"href":"https:\/\/www.dinamitapost.com\/en\/wp-json\/wp\/v2\/types\/page"}],"author":[{"embeddable":true,"href":"https:\/\/www.dinamitapost.com\/en\/wp-json\/wp\/v2\/users\/1"}],"replies":[{"embeddable":true,"href":"https:\/\/www.dinamitapost.com\/en\/wp-json\/wp\/v2\/comments?post=1703"}],"version-history":[{"count":15,"href":"https:\/\/www.dinamitapost.com\/en\/wp-json\/wp\/v2\/pages\/1703\/revisions"}],"predecessor-version":[{"id":2658,"href":"https:\/\/www.dinamitapost.com\/en\/wp-json\/wp\/v2\/pages\/1703\/revisions\/2658"}],"wp:attachment":[{"href":"https:\/\/www.dinamitapost.com\/en\/wp-json\/wp\/v2\/media?parent=1703"}],"curies":[{"name":"wp","href":"https:\/\/api.w.org\/{rel}","templated":true}]}}