{"id":2426,"date":"2016-08-03T12:30:04","date_gmt":"2016-08-03T12:30:04","guid":{"rendered":"https:\/\/themify.me\/demo\/themes\/ultra-agency\/?page_id=4"},"modified":"2021-02-02T00:02:06","modified_gmt":"2021-02-02T00:02:06","slug":"dinamita","status":"publish","type":"page","link":"https:\/\/www.dinamitapost.com\/en\/dinamita\/","title":{"rendered":"Dinamita"},"content":{"rendered":"<!--themify_builder_content-->\n<div id=\"themify_builder_content-2426\" data-postid=\"2426\" class=\"themify_builder_content themify_builder_content-2426 themify_builder tf_clear\">\n                    <div  data-zoom-bg=\"desktop\" data-lazy=\"1\" class=\"module_row themify_builder_row tb_0ck6334 tb_first tf_w\">\n            <span  class=\"builder_row_cover tf_abs\" data-lazy=\"1\"><\/span>            <div class=\"row_inner col_align_top tb_col_count_1 tf_box tf_rel\">\n                        <div  data-lazy=\"1\" class=\"module_column tb-column col-full tb_kxx6840 first\">\n                    <!-- module image -->\n<div  class=\"module module-image tb_ql9k581 image-top   tf_mw\" data-lazy=\"1\">\n        <div class=\"image-wrap tf_rel tf_mw\">\n            <a href=\"\/en\/wp\/home\/\">\n                   <img loading=\"lazy\" decoding=\"async\" src=\"https:\/\/www.dinamitapost.com\/wp\/wp-content\/uploads\/2020\/06\/DINAMITA-POST-casa-de-post-produccion-mexico-LOGO-blanco-175x144.png\" width=\"175\" height=\"144\" class=\"wp-post-image wp-image-56\" title=\"DINAMITA-POST-postproduction-house-in-mexico-white-LOGO\" alt=\"DINAMITA-POST-casa-de-post-produccion-mexico-LOGO-blanco\" srcset=\"https:\/\/www.dinamitapost.com\/wp\/wp-content\/uploads\/2020\/06\/DINAMITA-POST-casa-de-post-produccion-mexico-LOGO-blanco-175x144.png 175w, https:\/\/www.dinamitapost.com\/wp\/wp-content\/uploads\/2020\/06\/DINAMITA-POST-casa-de-post-produccion-mexico-LOGO-blanco-300x248.png 300w, https:\/\/www.dinamitapost.com\/wp\/wp-content\/uploads\/2020\/06\/DINAMITA-POST-casa-de-post-produccion-mexico-LOGO-blanco.png 707w\" sizes=\"auto, (max-width: 175px) 100vw, 175px\" \/>        <\/a>\n    \n        <\/div>\n    <!-- \/image-wrap -->\n    \n        <\/div>\n<!-- \/module image --><!-- module text -->\n<div  class=\"module module-text tb_4i1c399\" data-lazy=\"1\">\n        <div  class=\"tb_text_wrap\">\n        <h1 style=\"margin-bottom: 0;\">OUR ESSENCE<\/h1>\n<h5>A brief outline of the mystism lying behind DINAMITA<\/h5>    <\/div>\n<\/div>\n<!-- \/module text -->        <\/div>\n                        <\/div>\n        <\/div>\n                        <div  data-lazy=\"1\" class=\"module_row themify_builder_row tb_ax2t580 tf_w\">\n                        <div class=\"row_inner col_align_top tb_col_count_1 tf_box tf_rel\">\n                        <div  data-lazy=\"1\" class=\"module_column tb-column col-full tb_a9ki933 first\">\n                    <!-- module text -->\n<div  class=\"module module-text tb_gxd6493\" data-lazy=\"1\">\n        <div  class=\"tb_text_wrap\">\n        <h2>Who We Are<\/h2>\n<h5><strong>A collective of artists that makes post-production work of the highest level<\/strong><\/h5>\n<p>We are a post-production house like no other since we unravel our clients' needs comprehensively. We developed the <strong><i>Lean PostProduction model<\/i><\/strong><i>\u00a9<\/i><\/p>    <\/div>\n<\/div>\n<!-- \/module text -->        <div  data-lazy=\"1\" class=\"module_subrow themify_builder_sub_row tf_w col_align_top tb_col_count_2 tb_jwpg651\">\n                <div  data-lazy=\"1\" class=\"module_column sub_column col2-1 tb_28uk652 first\">\n                    <!-- module text -->\n<div  class=\"module module-text tb_c6sk117\" data-lazy=\"1\">\n        <div  class=\"tb_text_wrap\">\n        <h3 style=\"text-align: center;\">We Are Pioneers<\/h3>\n<p>Since DINAMITA was founded in 2014, it has become a ground-breaking post-production company in the use of technology for digital compression for the <i>Broadcast High End<\/i>, in post-production processes such as: <i>Loss less Compression (Matrox)<\/i>, RED1, H264, XAVC,<i> Final Cut <\/i><i>10 and<\/i> <i>Apple <\/i><i>ProRes<\/i>.<\/p>\n<p>We developed the <i>Lean PostProduction\u00ae <\/i>methodology and applied it to the audiovisual industry world.<\/p>    <\/div>\n<\/div>\n<!-- \/module text -->        <\/div>\n                    <div  data-lazy=\"1\" class=\"module_column sub_column col2-1 tb_km8r653 last\">\n                    <!-- module text -->\n<div  class=\"module module-text tb_2dhg49\" data-lazy=\"1\">\n        <div  class=\"tb_text_wrap\">\n        <h3 style=\"text-align: center;\">How We Made It<\/h3>\n<p>Through experience and efficiency we give room for creativity in the post-production process, using our proprietary LPP\u00a9 model.<\/p>\n<p>Due to our expertise and our <em>cultural background<\/em> , we forged cordiality, camaraderie, empathy, trust and respect with our clients and collaborators, which positively impacts our projects' quality.<\/p>\n<p>\u00a0<\/p>    <\/div>\n<\/div>\n<!-- \/module text -->        <\/div>\n                    <\/div>\n                <div  data-lazy=\"1\" class=\"module_subrow themify_builder_sub_row tf_w col_align_top tb_col_count_2 tb_ke12639\">\n                <div  data-lazy=\"1\" class=\"module_column sub_column col2-1 tb_btyu640 first\">\n                    <!-- module feature -->\n<div  class=\"module module-feature tb_0qh0541 with-chart layout-icon-top size-small\" data-layout-mobile=\"icon-top\" data-layout-desktop=\"icon-top\" data-lazy=\"1\">\n        <div class=\"module-feature-image tf_textc tf_rel\">\n                            <span class=\"module-feature-chart-html5 tf_box tf_rel tf_inline_b\">\n                                    <svg class=\"tf_abs tf_w tf_h\">\n                    <circle class=\"tb_feature_fill\" r=\"calc(50% - 1.50px)\" cx=\"50%\" cy=\"50%\" stroke-width=\"3\"\/>\n                    <circle class=\"tb_feature_stroke\" r=\"calc(50% - 1.50px)\" cx=\"50%\" cy=\"50%\" stroke=\"#ed6111\" stroke-width=\"3\" data-progress=\"100\" stroke-dasharray=\"0,10000\"\/>\n                                        <\/svg>\n                                <span class=\"chart-html5-circle tf_w tf_h\">\n                                            <em class=\"module-feature-icon tf_rel\"><svg  class=\"tf_fa tf-ti-star\" aria-hidden=\"true\"><use href=\"#tf-ti-star\"><\/use><\/svg><\/em>\n                                    <\/span>\n\n                \n            <\/span>\n                <\/div>\n    <div class=\"module-feature-content tf_textc\">\n                    <h3 class=\"module-feature-title\">\n                            OUR MISSION                        <\/h3>\n                    <div class=\"tb_text_wrap\">\n            <p>Producing outstanding projects for the global market using our <b><i>LPP<\/i><\/b>\u00a9 methodology <i><strong>.<\/strong>\u00a9<\/i>.<\/p>        <\/div>\n    <\/div>\n<\/div>\n<!-- \/module feature -->\n        <\/div>\n                    <div  data-lazy=\"1\" class=\"module_column sub_column col2-1 tb_qh81642 last\">\n                    <!-- module feature -->\n<div  class=\"module module-feature tb_akj6552 with-chart layout-icon-top size-small\" data-layout-mobile=\"icon-top\" data-layout-desktop=\"icon-top\" data-lazy=\"1\">\n        <div class=\"module-feature-image tf_textc tf_rel\">\n                            <span class=\"module-feature-chart-html5 tf_box tf_rel tf_inline_b\">\n                                    <svg class=\"tf_abs tf_w tf_h\">\n                    <circle class=\"tb_feature_fill\" r=\"calc(50% - 1.50px)\" cx=\"50%\" cy=\"50%\" stroke-width=\"3\"\/>\n                    <circle class=\"tb_feature_stroke\" r=\"calc(50% - 1.50px)\" cx=\"50%\" cy=\"50%\" stroke=\"#de5d5d\" stroke-width=\"3\" data-progress=\"100\" stroke-dasharray=\"0,10000\"\/>\n                                        <\/svg>\n                                <span class=\"chart-html5-circle tf_w tf_h\">\n                                            <em class=\"module-feature-icon tf_rel\"><svg  class=\"tf_fa tf-ti-eye\" aria-hidden=\"true\"><use href=\"#tf-ti-eye\"><\/use><\/svg><\/em>\n                                    <\/span>\n\n                \n            <\/span>\n                <\/div>\n    <div class=\"module-feature-content tf_textc\">\n                    <h3 class=\"module-feature-title\">\n                            OUR VISION                        <\/h3>\n                    <div class=\"tb_text_wrap\">\n            <p>Being the best Post-production House in Mexico, Latin America and the world.<\/p>        <\/div>\n    <\/div>\n<\/div>\n<!-- \/module feature -->\n        <\/div>\n                    <\/div>\n                <\/div>\n                        <\/div>\n        <\/div>\n                        <div  data-lazy=\"1\" class=\"module_row themify_builder_row tb_4hyb209 tf_w\">\n                        <div class=\"row_inner col_align_top tb_col_count_1 tf_box tf_rel\">\n                        <div  data-lazy=\"1\" class=\"module_column tb-column col-full tb_c69z210 first\">\n                    <!-- module fancy heading -->\n<div  class=\"module module-fancy-heading tb_lukc271\" data-lazy=\"1\">\n        <h1 class=\"fancy-heading tf_textc\">\n    <span class=\"main-head tf_block\">\n                    Awards and Acknowledgments            <\/span>\n\n    \n    <span class=\"sub-head tf_block tf_rel\">\n                    \"EL VATO\" International Emmy Awards\u00a9            <\/span>\n    <\/h1>\n<\/div>\n<!-- \/module fancy heading -->\n<!-- module text -->\n<div  class=\"module module-text tb_mue0300\" data-lazy=\"1\">\n        <div  class=\"tb_text_wrap\">\n        <h5 style=\"text-align: center;\"><strong>DinamitaPost<\/strong> was in charge of the complete project's post-production; which significantly contributed for it to be awarded the <strong>2018 International Emmy\u00ae Non-English Language US Primetime Program Winner El Vato \u2013 Season 2<\/strong><\/h5>    <\/div>\n<\/div>\n<!-- \/module text --><!-- module video -->\n<div  class=\"module module-video tb_81ua864 video-top\" data-lazy=\"1\">\n                    <div class=\"video-wrap-outer\">\n            <div class=\"video-wrap tf_rel tf_overflow\">\n                                    <noscript><iframe data-no-script src=\"https:\/\/www.youtube.com\/embed\/Gp9cGRCrfwc?pip=1&#038;playsinline=1\" allow=\"accelerometer;encrypted-media;gyroscope;picture-in-picture;fullscreen\" class=\"tf_abs tf_w tf_h\"><\/iframe><\/noscript>\n                                <\/div>\n            <!-- \/video-wrap -->\n        <\/div>\n        <!-- \/video-wrap-outer -->\n            <\/div>\n        <\/div>\n                        <\/div>\n        <\/div>\n                        <div  data-lazy=\"1\" class=\"module_row themify_builder_row tb_aw8x083 tf_w\">\n                        <div class=\"row_inner col_align_top tb_col_count_1 tf_box tf_rel\">\n                        <div  data-lazy=\"1\" class=\"module_column tb-column col-full tb_xy0a000 first\">\n                    <!-- module text -->\n<div  class=\"module module-text tb_o48b933\" data-lazy=\"1\">\n        <div  class=\"tb_text_wrap\">\n        <h1 style=\"text-align: center;\">What makes us different...<\/h1>    <\/div>\n<\/div>\n<!-- \/module text --><!-- module divider -->\n<div  class=\"module tf_mw module-divider tb_v47u844 solid\" style=\"border-width: 1px;border-color: #dddddd;\" data-lazy=\"1\">\n    <\/div>\n<!-- \/module divider -->\n        <div  data-lazy=\"1\" class=\"module_subrow themify_builder_sub_row tf_w col_align_top tb_col_count_2 tb_1hh0480\">\n                <div  data-lazy=\"1\" class=\"module_column sub_column col4-1 tb_45nz034 first\">\n                    <!-- module text -->\n<div  class=\"module module-text tb_ai6l306\" data-lazy=\"1\">\n        <div  class=\"tb_text_wrap\">\n        <div style=\"color: #32c7d4; text-align: right;\"><sup>01<\/sup><\/div>\n<h2 style=\"text-align: right;\">Our People<\/h2>    <\/div>\n<\/div>\n<!-- \/module text -->        <\/div>\n                    <div  data-lazy=\"1\" class=\"module_column sub_column col4-3 tb_xqq4084 last\">\n                    <!-- module text -->\n<div  class=\"module module-text tb_f4e7040\" data-lazy=\"1\">\n        <div  class=\"tb_text_wrap\">\n        <p>Dinamita Post's team is made up of specialists in every area. Besides having the same quality standards, they all share our vision of being flexible and agile innovators.<\/p>    <\/div>\n<\/div>\n<!-- \/module text -->        <\/div>\n                    <\/div>\n        <!-- module divider -->\n<div  class=\"module tf_mw module-divider tb_zoyz099 solid\" style=\"border-width: 1px;border-color: #dddddd;\" data-lazy=\"1\">\n    <\/div>\n<!-- \/module divider -->\n        <div  data-lazy=\"1\" class=\"module_subrow themify_builder_sub_row tf_w col_align_top tb_col_count_2 tb_jqvw011\">\n                <div  data-lazy=\"1\" class=\"module_column sub_column col4-1 tb_0xzz099 first\">\n                    <!-- module text -->\n<div  class=\"module module-text tb_080n308\" data-lazy=\"1\">\n        <div  class=\"tb_text_wrap\">\n        <p>At times, projects can turn into real challenges. In addition to the time we invest in them, we are fully committed to the story and client's vision.<\/p>    <\/div>\n<\/div>\n<!-- \/module text -->        <\/div>\n                    <div  data-lazy=\"1\" class=\"module_column sub_column col4-3 tb_2kze108 last\">\n                    <!-- module text -->\n<div  class=\"module module-text tb_emkm348\" data-lazy=\"1\">\n        <div  class=\"tb_text_wrap\">\n        <div style=\"color: #32c7d4; text-align: left;\"><sup>02<\/sup><\/div>\n<h2 style=\"text-align: left;\">Commitment<\/h2>    <\/div>\n<\/div>\n<!-- \/module text -->        <\/div>\n                    <\/div>\n        <!-- module divider -->\n<div  class=\"module tf_mw module-divider tb_2ve1038 solid\" style=\"border-width: 1px;border-color: #dddddd;\" data-lazy=\"1\">\n    <\/div>\n<!-- \/module divider -->\n        <div  data-lazy=\"1\" class=\"module_subrow themify_builder_sub_row tf_w col_align_top tb_col_count_2 tb_debr840\">\n                <div  data-lazy=\"1\" class=\"module_column sub_column col4-1 tb_ijjz494 first\">\n                    <!-- module text -->\n<div  class=\"module module-text tb_i790248\" data-lazy=\"1\">\n        <div  class=\"tb_text_wrap\">\n        <div style=\"color: #32c7d4; text-align: right;\"><sup>03<\/sup><\/div>\n<h2 style=\"text-align: right;\">Care<\/h2>    <\/div>\n<\/div>\n<!-- \/module text -->        <\/div>\n                    <div  data-lazy=\"1\" class=\"module_column sub_column col4-3 tb_5try042 last\">\n                    <!-- module text -->\n<div  class=\"module module-text tb_w5ob942\" data-lazy=\"1\">\n        <div  class=\"tb_text_wrap\">\n        <p>At Dinamita Post, nothing gives us more satisfaction and thrill than a finished piece. Apart from the client's or spectator's approval, we love knowing that we put all our efforts into making it happen.<\/p>    <\/div>\n<\/div>\n<!-- \/module text -->        <\/div>\n                    <\/div>\n                <\/div>\n                        <\/div>\n        <\/div>\n                        <div  data-zoom-bg=\"desktop\" data-lazy=\"1\" class=\"module_row themify_builder_row tb_er0g899 tf_w\">\n            <span  class=\"builder_row_cover tf_abs\" data-lazy=\"1\"><\/span>            <div class=\"row_inner col_align_top tb_col_count_1 tf_box tf_rel\">\n                        <div  data-lazy=\"1\" class=\"module_column tb-column col-full tb_pm5o432 first\">\n                    <!-- module text -->\n<div  class=\"module module-text tb_ekbo380\" data-lazy=\"1\">\n        <div  class=\"tb_text_wrap\">\n        <h2>Let's chat about your next project!<\/h2>    <\/div>\n<\/div>\n<!-- \/module text --><!-- module buttons -->\n<div  class=\"module module-buttons tb_r9ks004 buttons-horizontal outline  squared\" data-lazy=\"1\">\n        <div class=\"module-buttons-item tf_in_flx\">\n                        <a href=\"\/en\/wp\/contacto\/\" class=\"ui builder_button tf_in_flx tb_default_color\" >\n                                                Contact us                                        <\/a>\n                <\/div>\n            <\/div>\n<!-- \/module buttons -->\n        <\/div>\n                        <\/div>\n        <\/div>\n        <\/div>\n<!--\/themify_builder_content-->","protected":false},"excerpt":{"rendered":"<p>NUESTRA ESENCIA Una breve rese\u00f1a de la m\u00edstica detr\u00e1s de DINAMITA<\/p>","protected":false},"author":1,"featured_media":0,"parent":0,"menu_order":0,"comment_status":"closed","ping_status":"closed","template":"","meta":{"footnotes":""},"class_list":["post-2426","page","type-page","status-publish","hentry","has-post-title","has-post-date","has-post-category","has-post-tag","has-post-comment","has-post-author",""],"builder_content":"<a href=\"\/wp\/home\"> <img src=\"https:\/\/www.dinamitapost.com\/wp\/wp-content\/uploads\/2020\/06\/DINAMITA-POST-casa-de-post-produccion-mexico-LOGO-blanco-175x144.png\" width=\"175\" height=\"144\" title=\"DINAMITA-POST-casa-de-post-produccion-mexico-LOGO-blanco\" alt=\"DINAMITA-POST-casa-de-post-produccion-mexico-LOGO-blanco\" srcset=\"https:\/\/www.dinamitapost.com\/wp\/wp-content\/uploads\/2020\/06\/DINAMITA-POST-casa-de-post-produccion-mexico-LOGO-blanco-175x144.png 175w, https:\/\/www.dinamitapost.com\/wp\/wp-content\/uploads\/2020\/06\/DINAMITA-POST-casa-de-post-produccion-mexico-LOGO-blanco-300x248.png 300w, https:\/\/www.dinamitapost.com\/wp\/wp-content\/uploads\/2020\/06\/DINAMITA-POST-casa-de-post-produccion-mexico-LOGO-blanco.png 707w\" sizes=\"(max-width: 175px) 100vw, 175px\" \/> <\/a>\n<h1 style=\"margin-bottom: 0;\">NUESTRA ESENCIA<\/h1> <h5>Una breve rese\u00f1a de la m\u00edstica detr\u00e1s de DINAMITA<\/h5>\n<h2>Qui\u00e9nes Somos<\/h2> <h5><strong>Un Colectivo de artistas haciendo PostProducci\u00f3n al m\u00e1s alto nivel<\/strong><\/h5> <p>Somos una Casa de PostProducci\u00f3n diferente, que resuelve integralmente las necesidades de nuestros clientes. Creadores del modelo <strong><i>Lean PostProduction<\/i><\/strong><i>\u00a9<\/i><\/p>\n<h3 style=\"text-align: center;\">Somos Pioneros<\/h3> <p>Desde nuestra creaci\u00f3n en 2014, somos precursores en el uso de tecnolog\u00edas de compresi\u00f3n digital para <i>Broadcast High End<\/i>, en procesos de PostProducci\u00f3n tipo: <i>Loss less Compression (Matrox)<\/i>, RED1, H264, XAVC,<i> Final Cut <\/i><i>10 y<\/i> <i>Apple <\/i><i>ProRes<\/i>.<\/p> <p>Desarrolladores de la metodolog\u00eda <i>Lean PostProduction\u00ae <\/i>aplicada al mundo de la industria audiovisual.<\/p>\n<h3 style=\"text-align: center;\">C\u00f3mo lo logramos<\/h3> <p>A trav\u00e9s de la experiencia y la eficiencia damos amplio espacio a la creatividad en los procesos de PostProducci\u00f3n, usando nuestro modelo propietario LPP\u00a9.<\/p> <p>Debido a nuestra experiencia profesional y a nuestro <em>background<\/em> cultural, logramos con nuestros clientes y colaboradores una relaci\u00f3n de cordialidad, camarader\u00eda, empat\u00eda, confianza y respeto, lo cu\u00e1l acaba impactando positivamente la calidad de nuestros proyectos.<\/p> <p>\u00a0<\/p>\n<svg> <circle r=\"calc(50% - 1.50px)\" cx=\"50%\" cy=\"50%\" stroke-width=\"3\"\/> <circle r=\"calc(50% - 1.50px)\" cx=\"50%\" cy=\"50%\" stroke=\"#ed6111\" stroke-width=\"3\" data-progress=\"100\" stroke-dasharray=\"0,10000\"\/> <\/svg> <em><svg aria-hidden=\"true\"><use href=\"#tf-ti-star\"><\/use><\/svg><\/em> \n <h3> NUESTRA MISI\u00d3N <\/h3> <p>Que nuestras producciones sobre salgan en los mercados globales a trav\u00e9s de nuestra metodolog\u00eda <i><strong>LPP<\/strong>\u00a9<\/i>.<\/p>\n<svg> <circle r=\"calc(50% - 1.50px)\" cx=\"50%\" cy=\"50%\" stroke-width=\"3\"\/> <circle r=\"calc(50% - 1.50px)\" cx=\"50%\" cy=\"50%\" stroke=\"#de5d5d\" stroke-width=\"3\" data-progress=\"100\" stroke-dasharray=\"0,10000\"\/> <\/svg> <em><svg aria-hidden=\"true\"><use href=\"#tf-ti-eye\"><\/use><\/svg><\/em> \n <h3> NUESTRA VISI\u00d3N <\/h3> <p>Ser la mejor Casa de PostProducci\u00f3n de M\u00e9xico, Latinoam\u00e9rica y el mundo.<\/p>\n<h1>Premios y Reconocimientos<br\/>\"EL VATO\" International Emmy Awards\u00a9<\/h1>\n<h5 style=\"text-align: center;\"><strong>DinamitaPost<\/strong> realiz\u00f3 la PostProducci\u00f3n de todo el proyecto, lo cual contribuy\u00f3 en su justa medida a que la producci\u00f3n recibiera el honor de ganar el <strong>2018 International Emmy\u00ae Non-English Language US Primetime Program Winner El Vato - Season 2<\/strong><\/h5>\n[embed]https:\/\/www.youtube.com\/watch?v=Gp9cGRCrfwc[\/embed]\n<h1 style=\"text-align: center;\">Lo que nos diferencia del resto...<\/h1>\n\n<sup>01<\/sup> <h2 style=\"text-align: right;\">Nuestra Gente<\/h2>\n<p>Dinamita Post est\u00e1 conformado por un grupo de especialistas en cada \u00e1rea de desempe\u00f1o, que adem\u00e1s de tener los mismos est\u00e1ndares de calidad, congenian con nuestra visi\u00f3n de ser flexibles, \u00e1giles e innovadores.<\/p>\n\n<p>A veces los proyectos se convierten en verdaderos retos, m\u00e1s all\u00e1 del tiempo que le dedicamos, es que nos comprometemos con la historia y la visi\u00f3n del cliente.<\/p>\n<sup>02<\/sup> <h2 style=\"text-align: left;\">Compromiso<\/h2>\n\n<sup>03<\/sup> <h2 style=\"text-align: right;\">Cari\u00f1o<\/h2>\n<p>En Dinamita Post nada nos produce m\u00e1s placer y emoci\u00f3n que ver una pieza terminada, pero m\u00e1s all\u00e1 de la aprobaci\u00f3n del cliente o incluso del espectador, nos gusta saber que le pusimos todo el empe\u00f1o para concretarlo.<\/p>\n<h2>\u00a1Hablemos de tu pr\u00f3ximo proyecto!<\/h2>\n<a href=\"\/wp\/contacto\" > Cont\u00e1ctanos <\/a>","_links":{"self":[{"href":"https:\/\/www.dinamitapost.com\/en\/wp-json\/wp\/v2\/pages\/2426","targetHints":{"allow":["GET"]}}],"collection":[{"href":"https:\/\/www.dinamitapost.com\/en\/wp-json\/wp\/v2\/pages"}],"about":[{"href":"https:\/\/www.dinamitapost.com\/en\/wp-json\/wp\/v2\/types\/page"}],"author":[{"embeddable":true,"href":"https:\/\/www.dinamitapost.com\/en\/wp-json\/wp\/v2\/users\/1"}],"replies":[{"embeddable":true,"href":"https:\/\/www.dinamitapost.com\/en\/wp-json\/wp\/v2\/comments?post=2426"}],"version-history":[{"count":13,"href":"https:\/\/www.dinamitapost.com\/en\/wp-json\/wp\/v2\/pages\/2426\/revisions"}],"predecessor-version":[{"id":2783,"href":"https:\/\/www.dinamitapost.com\/en\/wp-json\/wp\/v2\/pages\/2426\/revisions\/2783"}],"wp:attachment":[{"href":"https:\/\/www.dinamitapost.com\/en\/wp-json\/wp\/v2\/media?parent=2426"}],"curies":[{"name":"wp","href":"https:\/\/api.w.org\/{rel}","templated":true}]}}