{"id":2909,"date":"2022-03-20T00:29:59","date_gmt":"2022-03-20T00:29:59","guid":{"rendered":"https:\/\/www.dinamitapost.com\/wp\/showcase-copy\/"},"modified":"2022-03-20T00:42:54","modified_gmt":"2022-03-20T00:42:54","slug":"showcase-3","status":"publish","type":"page","link":"https:\/\/www.dinamitapost.com\/en\/showcase-3\/","title":{"rendered":"Instalaciones"},"content":{"rendered":"<!--themify_builder_content-->\n<div id=\"themify_builder_content-2909\" data-postid=\"2909\" class=\"themify_builder_content themify_builder_content-2909 themify_builder tf_clear\">\n                    <div  data-zoom-bg=\"desktop\" data-lazy=\"1\" class=\"module_row themify_builder_row tb_gwan488 tb_first tf_w\">\n            <span  class=\"builder_row_cover tf_abs\" data-lazy=\"1\"><\/span>            <div class=\"row_inner col_align_top tb_col_count_1 tf_box tf_rel\">\n                        <div  data-lazy=\"1\" class=\"module_column tb-column col-full tb_25y4491 first\">\n                    <!-- module image -->\n<div  class=\"module module-image tb_9dg8491 image-top   tf_mw\" data-lazy=\"1\">\n        <div class=\"image-wrap tf_rel tf_mw\">\n            <a href=\"\/en\/wp\/home\/\">\n                   <img loading=\"lazy\" decoding=\"async\" src=\"https:\/\/www.dinamitapost.com\/wp\/wp-content\/uploads\/2020\/06\/DINAMITA-POST-casa-de-post-produccion-mexico-LOGO-blanco-175x144.png\" width=\"175\" height=\"144\" class=\"wp-post-image wp-image-56\" title=\"DINAMITA-POST-postproduction-house-in-mexico-white-LOGO\" alt=\"DINAMITA-POST-casa-de-post-produccion-mexico-LOGO-blanco\" srcset=\"https:\/\/www.dinamitapost.com\/wp\/wp-content\/uploads\/2020\/06\/DINAMITA-POST-casa-de-post-produccion-mexico-LOGO-blanco-175x144.png 175w, https:\/\/www.dinamitapost.com\/wp\/wp-content\/uploads\/2020\/06\/DINAMITA-POST-casa-de-post-produccion-mexico-LOGO-blanco-300x248.png 300w, https:\/\/www.dinamitapost.com\/wp\/wp-content\/uploads\/2020\/06\/DINAMITA-POST-casa-de-post-produccion-mexico-LOGO-blanco.png 707w\" sizes=\"auto, (max-width: 175px) 100vw, 175px\" \/>        <\/a>\n    \n        <\/div>\n    <!-- \/image-wrap -->\n    \n        <\/div>\n<!-- \/module image --><!-- module text -->\n<div  class=\"module module-text tb_d3h3493\" data-lazy=\"1\">\n        <div  class=\"tb_text_wrap\">\n        <h1 style=\"margin-bottom: 0;\">INSTALACIONES<\/h1>\n<h5>Una breve mirada a nuestra infraestructura<\/h5>    <\/div>\n<\/div>\n<!-- \/module text -->        <\/div>\n                        <\/div>\n        <\/div>\n                        <div  data-lazy=\"1\" class=\"module_row themify_builder_row tb_z8jk489 tf_w\">\n                        <div class=\"row_inner col_align_top tb_col_count_1 tf_box tf_rel\">\n                        <div  data-lazy=\"1\" class=\"module_column tb-column col-full tb_ayvl494 first\">\n                            <div  data-lazy=\"1\" class=\"module_subrow themify_builder_sub_row tf_w col_align_top tb_col_count_1 tb_bvg2494\">\n                <div  data-lazy=\"1\" class=\"module_column sub_column col-full tb_l6u5495 first\">\n                    <!-- module text -->\n<div  class=\"module module-text tb_xxsd495\" data-lazy=\"1\">\n        <div  class=\"tb_text_wrap\">\n        <h2 style=\"text-align: center;\">Instalaciones de primer nivel, para proyectos y Clientes de primer nivel.<\/h2>\n<p style=\"text-align: center;\">\u00c1reas de Post + Editorial House + Audio + Color Grading + VFX +<br \/>M\u00fasica Original + Storage + Masterizaci\u00f3n + Online + Quality check<\/p>\n<p>\u00a0<\/p>    <\/div>\n<\/div>\n<!-- \/module text -->        <\/div>\n                    <\/div>\n                <\/div>\n                        <\/div>\n        <\/div>\n                        <div  data-lazy=\"1\" class=\"module_row themify_builder_row tb_4dve489 tf_w\">\n                        <div class=\"row_inner col_align_top tb_col_count_1 tf_box tf_rel\">\n                        <div  data-lazy=\"1\" class=\"module_column tb-column col-full tb_rqwv496 first\">\n                    <!-- module gallery -->\n<div  class=\"module gallery module-gallery tb_sxzw589 layout-grid\" data-lazy=\"1\">\n    <div class=\"module-gallery-grid\" style=\"--gald:4;--galt:4;--galm:4\">\n            <dl class=\"gallery-item\">\n            <dt class=\"gallery-icon\">\n            <a data-title=\"\" title=\"\" href=\"https:\/\/www.dinamitapost.com\/wp\/wp-content\/uploads\/2022\/03\/DinamitaPost-instalaciones-001.jpeg\" data-rel=\"tb_sxzw589\" class=\"themify_lightbox\"><img loading=\"lazy\" decoding=\"async\" src=\"https:\/\/www.dinamitapost.com\/wp\/wp-content\/uploads\/2022\/03\/DinamitaPost-instalaciones-001-1024x768-300x200.jpeg\" width=\"300\" height=\"200\" class=\"wp-post-image wp-image-2893\" title=\"DinamitaPost-instalaciones-001\" alt=\"DinamitaPost-instalaciones-001\" srcset=\"https:\/\/www.dinamitapost.com\/wp\/wp-content\/uploads\/2022\/03\/DinamitaPost-instalaciones-001-1024x768-300x200.jpeg 300w, https:\/\/www.dinamitapost.com\/wp\/wp-content\/uploads\/2022\/03\/DinamitaPost-instalaciones-001-16x12.jpeg 16w\" sizes=\"auto, (max-width: 300px) 100vw, 300px\" \/><\/a>            <\/dt>\n                    <\/dl>\n            <dl class=\"gallery-item\">\n            <dt class=\"gallery-icon\">\n            <a data-title=\"\" title=\"\" href=\"https:\/\/www.dinamitapost.com\/wp\/wp-content\/uploads\/2022\/03\/DinamitaPost-instalaciones-002.jpeg\" data-rel=\"tb_sxzw589\" class=\"themify_lightbox\"><img loading=\"lazy\" decoding=\"async\" src=\"https:\/\/www.dinamitapost.com\/wp\/wp-content\/uploads\/2022\/03\/DinamitaPost-instalaciones-002-1024x768-300x200.jpeg\" width=\"300\" height=\"200\" class=\"wp-post-image wp-image-2894\" title=\"DinamitaPost-instalaciones-002\" alt=\"DinamitaPost-instalaciones-002\" srcset=\"https:\/\/www.dinamitapost.com\/wp\/wp-content\/uploads\/2022\/03\/DinamitaPost-instalaciones-002-1024x768-300x200.jpeg 300w, https:\/\/www.dinamitapost.com\/wp\/wp-content\/uploads\/2022\/03\/DinamitaPost-instalaciones-002-16x12.jpeg 16w\" sizes=\"auto, (max-width: 300px) 100vw, 300px\" \/><\/a>            <\/dt>\n                    <\/dl>\n            <dl class=\"gallery-item\">\n            <dt class=\"gallery-icon\">\n            <a data-title=\"\" title=\"\" href=\"https:\/\/www.dinamitapost.com\/wp\/wp-content\/uploads\/2022\/03\/DinamitaPost-instalaciones-003.jpeg\" data-rel=\"tb_sxzw589\" class=\"themify_lightbox\"><img loading=\"lazy\" decoding=\"async\" src=\"https:\/\/www.dinamitapost.com\/wp\/wp-content\/uploads\/2022\/03\/DinamitaPost-instalaciones-003-1024x768-300x200.jpeg\" width=\"300\" height=\"200\" class=\"wp-post-image wp-image-2895\" title=\"DinamitaPost-instalaciones-003\" alt=\"DinamitaPost-instalaciones-003\" srcset=\"https:\/\/www.dinamitapost.com\/wp\/wp-content\/uploads\/2022\/03\/DinamitaPost-instalaciones-003-1024x768-300x200.jpeg 300w, https:\/\/www.dinamitapost.com\/wp\/wp-content\/uploads\/2022\/03\/DinamitaPost-instalaciones-003-16x12.jpeg 16w\" sizes=\"auto, (max-width: 300px) 100vw, 300px\" \/><\/a>            <\/dt>\n                    <\/dl>\n            <dl class=\"gallery-item\">\n            <dt class=\"gallery-icon\">\n            <a data-title=\"\" title=\"\" href=\"https:\/\/www.dinamitapost.com\/wp\/wp-content\/uploads\/2022\/03\/DinamitaPost-instalaciones-004.jpeg\" data-rel=\"tb_sxzw589\" class=\"themify_lightbox\"><img loading=\"lazy\" decoding=\"async\" src=\"https:\/\/www.dinamitapost.com\/wp\/wp-content\/uploads\/2022\/03\/DinamitaPost-instalaciones-004-1024x768-300x200.jpeg\" width=\"300\" height=\"200\" class=\"wp-post-image wp-image-2896\" title=\"DinamitaPost-instalaciones-004\" alt=\"DinamitaPost-instalaciones-004\" srcset=\"https:\/\/www.dinamitapost.com\/wp\/wp-content\/uploads\/2022\/03\/DinamitaPost-instalaciones-004-1024x768-300x200.jpeg 300w, https:\/\/www.dinamitapost.com\/wp\/wp-content\/uploads\/2022\/03\/DinamitaPost-instalaciones-004-16x12.jpeg 16w\" sizes=\"auto, (max-width: 300px) 100vw, 300px\" \/><\/a>            <\/dt>\n                    <\/dl>\n            <dl class=\"gallery-item\">\n            <dt class=\"gallery-icon\">\n            <a data-title=\"\" title=\"\" href=\"https:\/\/www.dinamitapost.com\/wp\/wp-content\/uploads\/2022\/03\/DinamitaPost-instalaciones-006.jpeg\" data-rel=\"tb_sxzw589\" class=\"themify_lightbox\"><img loading=\"lazy\" decoding=\"async\" src=\"https:\/\/www.dinamitapost.com\/wp\/wp-content\/uploads\/2022\/03\/DinamitaPost-instalaciones-006-1024x768-300x200.jpeg\" width=\"300\" height=\"200\" class=\"wp-post-image wp-image-2897\" title=\"DinamitaPost-instalaciones-006\" alt=\"DinamitaPost-instalaciones-006\" srcset=\"https:\/\/www.dinamitapost.com\/wp\/wp-content\/uploads\/2022\/03\/DinamitaPost-instalaciones-006-1024x768-300x200.jpeg 300w, https:\/\/www.dinamitapost.com\/wp\/wp-content\/uploads\/2022\/03\/DinamitaPost-instalaciones-006-16x12.jpeg 16w\" sizes=\"auto, (max-width: 300px) 100vw, 300px\" \/><\/a>            <\/dt>\n                    <\/dl>\n            <dl class=\"gallery-item\">\n            <dt class=\"gallery-icon\">\n            <a data-title=\"\" title=\"\" href=\"https:\/\/www.dinamitapost.com\/wp\/wp-content\/uploads\/2022\/03\/DinamitaPost-instalaciones-012.jpeg\" data-rel=\"tb_sxzw589\" class=\"themify_lightbox\"><img loading=\"lazy\" decoding=\"async\" src=\"https:\/\/www.dinamitapost.com\/wp\/wp-content\/uploads\/2022\/03\/DinamitaPost-instalaciones-012-1024x768-300x200.jpeg\" width=\"300\" height=\"200\" class=\"wp-post-image wp-image-2902\" title=\"DinamitaPost-instalaciones-012\" alt=\"DinamitaPost-instalaciones-012\" srcset=\"https:\/\/www.dinamitapost.com\/wp\/wp-content\/uploads\/2022\/03\/DinamitaPost-instalaciones-012-1024x768-300x200.jpeg 300w, https:\/\/www.dinamitapost.com\/wp\/wp-content\/uploads\/2022\/03\/DinamitaPost-instalaciones-012-16x12.jpeg 16w\" sizes=\"auto, (max-width: 300px) 100vw, 300px\" \/><\/a>            <\/dt>\n                    <\/dl>\n            <dl class=\"gallery-item\">\n            <dt class=\"gallery-icon\">\n            <a data-title=\"\" title=\"\" href=\"https:\/\/www.dinamitapost.com\/wp\/wp-content\/uploads\/2022\/03\/DinamitaPost-instalaciones-010.jpeg\" data-rel=\"tb_sxzw589\" class=\"themify_lightbox\"><img loading=\"lazy\" decoding=\"async\" src=\"https:\/\/www.dinamitapost.com\/wp\/wp-content\/uploads\/2022\/03\/DinamitaPost-instalaciones-010-1024x768-300x200.jpeg\" width=\"300\" height=\"200\" class=\"wp-post-image wp-image-2901\" title=\"DinamitaPost-instalaciones-010\" alt=\"DinamitaPost-instalaciones-010\" srcset=\"https:\/\/www.dinamitapost.com\/wp\/wp-content\/uploads\/2022\/03\/DinamitaPost-instalaciones-010-1024x768-300x200.jpeg 300w, https:\/\/www.dinamitapost.com\/wp\/wp-content\/uploads\/2022\/03\/DinamitaPost-instalaciones-010-16x12.jpeg 16w\" sizes=\"auto, (max-width: 300px) 100vw, 300px\" \/><\/a>            <\/dt>\n                    <\/dl>\n            <dl class=\"gallery-item\">\n            <dt class=\"gallery-icon\">\n            <a data-title=\"\" title=\"\" href=\"https:\/\/www.dinamitapost.com\/wp\/wp-content\/uploads\/2022\/03\/DinamitaPost-instalaciones-009.jpeg\" data-rel=\"tb_sxzw589\" class=\"themify_lightbox\"><img loading=\"lazy\" decoding=\"async\" src=\"https:\/\/www.dinamitapost.com\/wp\/wp-content\/uploads\/2022\/03\/DinamitaPost-instalaciones-009-1024x768-300x200.jpeg\" width=\"300\" height=\"200\" class=\"wp-post-image wp-image-2900\" title=\"DinamitaPost-instalaciones-009\" alt=\"DinamitaPost-instalaciones-009\" srcset=\"https:\/\/www.dinamitapost.com\/wp\/wp-content\/uploads\/2022\/03\/DinamitaPost-instalaciones-009-1024x768-300x200.jpeg 300w, https:\/\/www.dinamitapost.com\/wp\/wp-content\/uploads\/2022\/03\/DinamitaPost-instalaciones-009-16x12.jpeg 16w\" sizes=\"auto, (max-width: 300px) 100vw, 300px\" \/><\/a>            <\/dt>\n                    <\/dl>\n            <dl class=\"gallery-item\">\n            <dt class=\"gallery-icon\">\n            <a data-title=\"\" title=\"\" href=\"https:\/\/www.dinamitapost.com\/wp\/wp-content\/uploads\/2022\/03\/DinamitaPost-instalaciones-008.jpeg\" data-rel=\"tb_sxzw589\" class=\"themify_lightbox\"><img loading=\"lazy\" decoding=\"async\" src=\"https:\/\/www.dinamitapost.com\/wp\/wp-content\/uploads\/2022\/03\/DinamitaPost-instalaciones-008-1024x768-300x200.jpeg\" width=\"300\" height=\"200\" class=\"wp-post-image wp-image-2899\" title=\"DinamitaPost-instalaciones-008\" alt=\"DinamitaPost-instalaciones-008\" srcset=\"https:\/\/www.dinamitapost.com\/wp\/wp-content\/uploads\/2022\/03\/DinamitaPost-instalaciones-008-1024x768-300x200.jpeg 300w, https:\/\/www.dinamitapost.com\/wp\/wp-content\/uploads\/2022\/03\/DinamitaPost-instalaciones-008-16x12.jpeg 16w\" sizes=\"auto, (max-width: 300px) 100vw, 300px\" \/><\/a>            <\/dt>\n                    <\/dl>\n            <dl class=\"gallery-item\">\n            <dt class=\"gallery-icon\">\n            <a data-title=\"\" title=\"\" href=\"https:\/\/www.dinamitapost.com\/wp\/wp-content\/uploads\/2022\/03\/DinamitaPost-instalaciones-007.jpeg\" data-rel=\"tb_sxzw589\" class=\"themify_lightbox\"><img loading=\"lazy\" decoding=\"async\" src=\"https:\/\/www.dinamitapost.com\/wp\/wp-content\/uploads\/2022\/03\/DinamitaPost-instalaciones-007-768x1024-300x200.jpeg\" width=\"300\" height=\"200\" class=\"wp-post-image wp-image-2898\" title=\"DinamitaPost-instalaciones-007\" alt=\"DinamitaPost-instalaciones-007\"><\/a>            <\/dt>\n                    <\/dl>\n            <dl class=\"gallery-item\">\n            <dt class=\"gallery-icon\">\n            <a data-title=\"\" title=\"\" href=\"https:\/\/www.dinamitapost.com\/wp\/wp-content\/uploads\/2022\/03\/DinamitaPost-instalaciones-013.jpeg\" data-rel=\"tb_sxzw589\" class=\"themify_lightbox\"><img loading=\"lazy\" decoding=\"async\" src=\"https:\/\/www.dinamitapost.com\/wp\/wp-content\/uploads\/2022\/03\/DinamitaPost-instalaciones-013-1024x768-300x200.jpeg\" width=\"300\" height=\"200\" class=\"wp-post-image wp-image-2903\" title=\"DinamitaPost-instalaciones-013\" alt=\"DinamitaPost-instalaciones-013\" srcset=\"https:\/\/www.dinamitapost.com\/wp\/wp-content\/uploads\/2022\/03\/DinamitaPost-instalaciones-013-1024x768-300x200.jpeg 300w, https:\/\/www.dinamitapost.com\/wp\/wp-content\/uploads\/2022\/03\/DinamitaPost-instalaciones-013-16x12.jpeg 16w\" sizes=\"auto, (max-width: 300px) 100vw, 300px\" \/><\/a>            <\/dt>\n                    <\/dl>\n            <dl class=\"gallery-item\">\n            <dt class=\"gallery-icon\">\n            <a data-title=\"\" title=\"\" href=\"https:\/\/www.dinamitapost.com\/wp\/wp-content\/uploads\/2022\/03\/DinamitaPost-instalaciones-014.jpeg\" data-rel=\"tb_sxzw589\" class=\"themify_lightbox\"><img loading=\"lazy\" decoding=\"async\" src=\"https:\/\/www.dinamitapost.com\/wp\/wp-content\/uploads\/2022\/03\/DinamitaPost-instalaciones-014-1024x768-300x200.jpeg\" width=\"300\" height=\"200\" class=\"wp-post-image wp-image-2904\" title=\"DinamitaPost-instalaciones-014\" alt=\"DinamitaPost-instalaciones-014\" srcset=\"https:\/\/www.dinamitapost.com\/wp\/wp-content\/uploads\/2022\/03\/DinamitaPost-instalaciones-014-1024x768-300x200.jpeg 300w, https:\/\/www.dinamitapost.com\/wp\/wp-content\/uploads\/2022\/03\/DinamitaPost-instalaciones-014-16x12.jpeg 16w\" sizes=\"auto, (max-width: 300px) 100vw, 300px\" \/><\/a>            <\/dt>\n                    <\/dl>\n            <dl class=\"gallery-item\">\n            <dt class=\"gallery-icon\">\n            <a data-title=\"\" title=\"\" href=\"https:\/\/www.dinamitapost.com\/wp\/wp-content\/uploads\/2022\/03\/DinamitaPost-instalaciones-015.jpeg\" data-rel=\"tb_sxzw589\" class=\"themify_lightbox\"><img loading=\"lazy\" decoding=\"async\" src=\"https:\/\/www.dinamitapost.com\/wp\/wp-content\/uploads\/2022\/03\/DinamitaPost-instalaciones-015-300x200.jpeg\" width=\"300\" height=\"200\" class=\"wp-post-image wp-image-2905\" title=\"DinamitaPost-instalaciones-015\" alt=\"DinamitaPost-instalaciones-015\" srcset=\"https:\/\/www.dinamitapost.com\/wp\/wp-content\/uploads\/2022\/03\/DinamitaPost-instalaciones-015-300x200.jpeg 300w, https:\/\/www.dinamitapost.com\/wp\/wp-content\/uploads\/2022\/03\/DinamitaPost-instalaciones-015-16x12.jpeg 16w\" sizes=\"auto, (max-width: 300px) 100vw, 300px\" \/><\/a>            <\/dt>\n                    <\/dl>\n            <dl class=\"gallery-item\">\n            <dt class=\"gallery-icon\">\n            <a data-title=\"\" title=\"\" href=\"https:\/\/www.dinamitapost.com\/wp\/wp-content\/uploads\/2022\/03\/DinamitaPost-instalaciones-016.jpeg\" data-rel=\"tb_sxzw589\" class=\"themify_lightbox\"><img loading=\"lazy\" decoding=\"async\" src=\"https:\/\/www.dinamitapost.com\/wp\/wp-content\/uploads\/2022\/03\/DinamitaPost-instalaciones-016-300x200.jpeg\" width=\"300\" height=\"200\" class=\"wp-post-image wp-image-2906\" title=\"DinamitaPost-instalaciones-016\" alt=\"DinamitaPost-instalaciones-016\" srcset=\"https:\/\/www.dinamitapost.com\/wp\/wp-content\/uploads\/2022\/03\/DinamitaPost-instalaciones-016-300x200.jpeg 300w, https:\/\/www.dinamitapost.com\/wp\/wp-content\/uploads\/2022\/03\/DinamitaPost-instalaciones-016-16x12.jpeg 16w\" sizes=\"auto, (max-width: 300px) 100vw, 300px\" \/><\/a>            <\/dt>\n                    <\/dl>\n            <dl class=\"gallery-item\">\n            <dt class=\"gallery-icon\">\n            <a data-title=\"\" title=\"\" href=\"https:\/\/www.dinamitapost.com\/wp\/wp-content\/uploads\/2022\/03\/DinamitaPost-instalaciones-017.jpeg\" data-rel=\"tb_sxzw589\" class=\"themify_lightbox\"><img loading=\"lazy\" decoding=\"async\" src=\"https:\/\/www.dinamitapost.com\/wp\/wp-content\/uploads\/2022\/03\/DinamitaPost-instalaciones-017-300x200.jpeg\" width=\"300\" height=\"200\" class=\"wp-post-image wp-image-2907\" title=\"DinamitaPost-instalaciones-017\" alt=\"DinamitaPost-instalaciones-017\" srcset=\"https:\/\/www.dinamitapost.com\/wp\/wp-content\/uploads\/2022\/03\/DinamitaPost-instalaciones-017-300x200.jpeg 300w, https:\/\/www.dinamitapost.com\/wp\/wp-content\/uploads\/2022\/03\/DinamitaPost-instalaciones-017-16x12.jpeg 16w\" sizes=\"auto, (max-width: 300px) 100vw, 300px\" \/><\/a>            <\/dt>\n                    <\/dl>\n    <\/div>\n<\/div>\n<!-- \/module gallery -->        <\/div>\n                        <\/div>\n        <\/div>\n                        <div  data-zoom-bg=\"desktop\" data-lazy=\"1\" class=\"module_row themify_builder_row tb_o51v489 tf_w\">\n                        <div class=\"row_inner col_align_top tb_col_count_1 tf_box tf_rel\">\n                        <div  data-lazy=\"1\" class=\"module_column tb-column col-full tb_393k498 first\">\n                    <!-- module text -->\n<div  class=\"module module-text tb_44ae498\" data-lazy=\"1\">\n        <div  class=\"tb_text_wrap\">\n        <h2>Let's chat about your next project!<\/h2>    <\/div>\n<\/div>\n<!-- \/module text --><!-- module buttons -->\n<div  class=\"module module-buttons tb_mg4q499 buttons-horizontal outline  squared\" data-lazy=\"1\">\n        <div class=\"module-buttons-item tf_in_flx\">\n                        <a href=\"\/en\/wp\/contacto\/\" class=\"ui builder_button tf_in_flx tb_default_color\" >\n                                                Contact us                                        <\/a>\n                <\/div>\n            <\/div>\n<!-- \/module buttons -->\n        <\/div>\n                        <\/div>\n        <\/div>\n        <\/div>\n<!--\/themify_builder_content-->","protected":false},"excerpt":{"rendered":"<p>INSTALACIONES Una breve mirada a nuestra infraestructura Instalaciones de primer nivel, para proyectos y Clientes de primer nivel. \u00c1reas de Post + Editorial House + Audio + Color Grading + VFX +M\u00fasica Original + Storage + Masterizaci\u00f3n + Online + Quality check \u00a0 \u00a1Hablemos de tu pr\u00f3ximo proyecto! Cont\u00e1ctanos<\/p>","protected":false},"author":1,"featured_media":0,"parent":0,"menu_order":0,"comment_status":"closed","ping_status":"closed","template":"","meta":{"footnotes":""},"class_list":["post-2909","page","type-page","status-publish","hentry","has-post-title","has-post-date","has-post-category","has-post-tag","has-post-comment","has-post-author",""],"builder_content":"<a href=\"\/wp\/home\"> <img src=\"https:\/\/www.dinamitapost.com\/wp\/wp-content\/uploads\/2020\/06\/DINAMITA-POST-casa-de-post-produccion-mexico-LOGO-blanco-175x144.png\" width=\"175\" height=\"144\" title=\"DINAMITA-POST-casa-de-post-produccion-mexico-LOGO-blanco\" alt=\"DINAMITA-POST-casa-de-post-produccion-mexico-LOGO-blanco\" srcset=\"https:\/\/www.dinamitapost.com\/wp\/wp-content\/uploads\/2020\/06\/DINAMITA-POST-casa-de-post-produccion-mexico-LOGO-blanco-175x144.png 175w, https:\/\/www.dinamitapost.com\/wp\/wp-content\/uploads\/2020\/06\/DINAMITA-POST-casa-de-post-produccion-mexico-LOGO-blanco-300x248.png 300w, https:\/\/www.dinamitapost.com\/wp\/wp-content\/uploads\/2020\/06\/DINAMITA-POST-casa-de-post-produccion-mexico-LOGO-blanco.png 707w\" sizes=\"(max-width: 175px) 100vw, 175px\" \/> <\/a>\n<h1 style=\"margin-bottom: 0;\">INSTALACIONES<\/h1> <h5>Una breve mirada a nuestra infraestructura<\/h5>\n<h2 style=\"text-align: center;\">Instalaciones de primer nivel, para proyectos y Clientes de primer nivel.<\/h2> <p style=\"text-align: center;\">\u00c1reas de Post + Editorial House + Audio + Color Grading + VFX +<br \/>M\u00fasica Original + Storage + Masterizaci\u00f3n + Online + Quality check<\/p> <p>\u00a0<\/p>\n[gallery ids=\"2893,2894,2895,2896,2897,2902,2901,2900,2899,2898,2903,2904,2905,2906,2907\"]\n<h2>\u00a1Hablemos de tu pr\u00f3ximo proyecto!<\/h2>\n<a href=\"\/wp\/contacto\" > Cont\u00e1ctanos <\/a>","_links":{"self":[{"href":"https:\/\/www.dinamitapost.com\/en\/wp-json\/wp\/v2\/pages\/2909","targetHints":{"allow":["GET"]}}],"collection":[{"href":"https:\/\/www.dinamitapost.com\/en\/wp-json\/wp\/v2\/pages"}],"about":[{"href":"https:\/\/www.dinamitapost.com\/en\/wp-json\/wp\/v2\/types\/page"}],"author":[{"embeddable":true,"href":"https:\/\/www.dinamitapost.com\/en\/wp-json\/wp\/v2\/users\/1"}],"replies":[{"embeddable":true,"href":"https:\/\/www.dinamitapost.com\/en\/wp-json\/wp\/v2\/comments?post=2909"}],"version-history":[{"count":5,"href":"https:\/\/www.dinamitapost.com\/en\/wp-json\/wp\/v2\/pages\/2909\/revisions"}],"predecessor-version":[{"id":2915,"href":"https:\/\/www.dinamitapost.com\/en\/wp-json\/wp\/v2\/pages\/2909\/revisions\/2915"}],"wp:attachment":[{"href":"https:\/\/www.dinamitapost.com\/en\/wp-json\/wp\/v2\/media?parent=2909"}],"curies":[{"name":"wp","href":"https:\/\/api.w.org\/{rel}","templated":true}]}}